{"id":1124,"date":"2023-01-25T17:39:58","date_gmt":"2023-01-25T17:39:58","guid":{"rendered":"https:\/\/centroagricolacayambe.com\/?page_id=1124"},"modified":"2023-02-15T23:28:40","modified_gmt":"2023-02-15T23:28:40","slug":"entrevista-fausto-jarrin","status":"publish","type":"page","link":"https:\/\/centroagricolacayambe.com\/index.php\/entrevista-fausto-jarrin\/","title":{"rendered":"Entrevista Fausto Jarrin"},"content":{"rendered":"\t\t<div data-elementor-type=\"wp-page\" data-elementor-id=\"1124\" class=\"elementor elementor-1124\">\n\t\t\t\t\t\t\t\t\t<section class=\"elementor-section elementor-top-section elementor-element elementor-element-7c8601b6 elementor-section-boxed elementor-section-height-default elementor-section-height-default\" data-id=\"7c8601b6\" data-element_type=\"section\">\n\t\t\t\t\t\t<div class=\"elementor-container elementor-column-gap-default\">\n\t\t\t\t\t<div class=\"elementor-column elementor-col-50 elementor-top-column elementor-element elementor-element-1b836ffe\" data-id=\"1b836ffe\" data-element_type=\"column\">\n\t\t\t<div class=\"elementor-widget-wrap elementor-element-populated\">\n\t\t\t\t\t\t\t\t<div class=\"elementor-element elementor-element-c896922 elementor-widget elementor-widget-image\" data-id=\"c896922\" data-element_type=\"widget\" data-widget_type=\"image.default\">\n\t\t\t\t<div class=\"elementor-widget-container\">\n\t\t\t<style>\/*! elementor - v3.10.2 - 29-01-2023 *\/\n.elementor-widget-image{text-align:center}.elementor-widget-image a{display:inline-block}.elementor-widget-image a img[src$=\".svg\"]{width:48px}.elementor-widget-image img{vertical-align:middle;display:inline-block}<\/style>\t\t\t\t\t\t\t\t\t<figure class=\"wp-caption\">\n\t\t\t\t\t\t\t\t\t\t<img decoding=\"async\" width=\"453\" height=\"359\" src=\"https:\/\/centroagricolacayambe.com\/wp-content\/uploads\/2023\/01\/Recurso-84-8.png\" class=\"attachment-medium_large size-medium_large wp-image-963\" alt=\"\" loading=\"lazy\" srcset=\"https:\/\/centroagricolacayambe.com\/wp-content\/uploads\/2023\/01\/Recurso-84-8.png 453w, https:\/\/centroagricolacayambe.com\/wp-content\/uploads\/2023\/01\/Recurso-84-8-300x238.png 300w\" sizes=\"(max-width: 453px) 100vw, 453px\" style=\"width:100%;height:79.25%;max-width:453px\" \/>\t\t\t\t\t\t\t\t\t\t\t<figcaption class=\"widget-image-caption wp-caption-text\">Cayambe 25 Noviembre 2022<\/figcaption>\n\t\t\t\t\t\t\t\t\t\t<\/figure>\n\t\t\t\t\t\t\t\t\t<\/div>\n\t\t\t\t<\/div>\n\t\t\t\t\t<\/div>\n\t\t<\/div>\n\t\t\t\t<div class=\"elementor-column elementor-col-50 elementor-top-column elementor-element elementor-element-741636e1\" data-id=\"741636e1\" data-element_type=\"column\">\n\t\t\t<div class=\"elementor-widget-wrap elementor-element-populated\">\n\t\t\t\t\t\t\t\t<div class=\"elementor-element elementor-element-5184c3e7 elementor-widget elementor-widget-heading\" data-id=\"5184c3e7\" data-element_type=\"widget\" data-widget_type=\"heading.default\">\n\t\t\t\t<div class=\"elementor-widget-container\">\n\t\t\t<style>\/*! elementor - v3.10.2 - 29-01-2023 *\/\n.elementor-heading-title{padding:0;margin:0;line-height:1}.elementor-widget-heading .elementor-heading-title[class*=elementor-size-]>a{color:inherit;font-size:inherit;line-height:inherit}.elementor-widget-heading .elementor-heading-title.elementor-size-small{font-size:15px}.elementor-widget-heading .elementor-heading-title.elementor-size-medium{font-size:19px}.elementor-widget-heading .elementor-heading-title.elementor-size-large{font-size:29px}.elementor-widget-heading .elementor-heading-title.elementor-size-xl{font-size:39px}.elementor-widget-heading .elementor-heading-title.elementor-size-xxl{font-size:59px}<\/style><h2 class=\"elementor-heading-title elementor-size-default\">Entrevista interna a nuestro querido socio Fausto Jarrin<\/h2>\t\t<\/div>\n\t\t\t\t<\/div>\n\t\t\t\t<div class=\"elementor-element elementor-element-e4937ab elementor-widget elementor-widget-text-editor\" data-id=\"e4937ab\" data-element_type=\"widget\" data-widget_type=\"text-editor.default\">\n\t\t\t\t<div class=\"elementor-widget-container\">\n\t\t\t<style>\/*! elementor - v3.10.2 - 29-01-2023 *\/\n.elementor-widget-text-editor.elementor-drop-cap-view-stacked .elementor-drop-cap{background-color:#818a91;color:#fff}.elementor-widget-text-editor.elementor-drop-cap-view-framed .elementor-drop-cap{color:#818a91;border:3px solid;background-color:transparent}.elementor-widget-text-editor:not(.elementor-drop-cap-view-default) .elementor-drop-cap{margin-top:8px}.elementor-widget-text-editor:not(.elementor-drop-cap-view-default) .elementor-drop-cap-letter{width:1em;height:1em}.elementor-widget-text-editor .elementor-drop-cap{float:left;text-align:center;line-height:1;font-size:50px}.elementor-widget-text-editor .elementor-drop-cap-letter{display:inline-block}<\/style>\t\t\t\t<p><span style=\"font-weight: 400;\">Ha compartido con nuestro CACC desde hace aproximadamente 30 a\u00f1os como vocal por largo tiempo y como socio, por lo que a conocido y a compartido con la gran mayor\u00eda de personas involucradas en nuestra historia, as\u00ed como a sido parte importante de nuestro proceso y nuestros logros con su visi\u00f3n y carisma sin duda fue y sigue siendo un personaje de gran aporte y estima para nosotros.<\/span><\/p><p>\u00a0<\/p><p><span style=\"font-weight: 400;\">Menciona la importancia de la productividad e innovaci\u00f3n constante del gremio pero sobre todo la fuerza de la uni\u00f3n entre los amigos\/socios, de sumar gente\u00a0 y la integraci\u00f3n de las generaciones venideras. Invitar a los j\u00f3venes a participar de los directorios, como entrenamiento y para que puedan aportar opiniones o ideas de la nueva generaci\u00f3n. Nos comparte tambi\u00e9n sobre la importancia de nuestro aporte a la comunidad, las propuestas de valor para las comunidades y la uni\u00f3n y el trabajo en conjunto que debemos promover.\u00a0<\/span><\/p><p>\u00a0<\/p>\t\t\t\t\t\t<\/div>\n\t\t\t\t<\/div>\n\t\t\t\t\t<\/div>\n\t\t<\/div>\n\t\t\t\t\t\t\t<\/div>\n\t\t<\/section>\n\t\t\t\t\t\t\t<\/div>\n\t\t","protected":false},"excerpt":{"rendered":"<p>Cayambe 25 Noviembre 2022 Entrevista interna a nuestro querido socio Fausto Jarrin Ha compartido con nuestro CACC desde hace aproximadamente 30 a\u00f1os como vocal por largo tiempo y como socio, por lo que a conocido y a compartido con la gran mayor\u00eda de personas involucradas en nuestra historia, as\u00ed como a sido parte importante de&hellip; <a class=\"more-link\" href=\"https:\/\/centroagricolacayambe.com\/index.php\/entrevista-fausto-jarrin\/\">Continue reading <span class=\"screen-reader-text\">Entrevista Fausto Jarrin<\/span><\/a><\/p>\n","protected":false},"author":1,"featured_media":0,"parent":0,"menu_order":0,"comment_status":"closed","ping_status":"closed","template":"elementor_header_footer","meta":[],"_links":{"self":[{"href":"https:\/\/centroagricolacayambe.com\/index.php\/wp-json\/wp\/v2\/pages\/1124"}],"collection":[{"href":"https:\/\/centroagricolacayambe.com\/index.php\/wp-json\/wp\/v2\/pages"}],"about":[{"href":"https:\/\/centroagricolacayambe.com\/index.php\/wp-json\/wp\/v2\/types\/page"}],"author":[{"embeddable":true,"href":"https:\/\/centroagricolacayambe.com\/index.php\/wp-json\/wp\/v2\/users\/1"}],"replies":[{"embeddable":true,"href":"https:\/\/centroagricolacayambe.com\/index.php\/wp-json\/wp\/v2\/comments?post=1124"}],"version-history":[{"count":13,"href":"https:\/\/centroagricolacayambe.com\/index.php\/wp-json\/wp\/v2\/pages\/1124\/revisions"}],"predecessor-version":[{"id":1405,"href":"https:\/\/centroagricolacayambe.com\/index.php\/wp-json\/wp\/v2\/pages\/1124\/revisions\/1405"}],"wp:attachment":[{"href":"https:\/\/centroagricolacayambe.com\/index.php\/wp-json\/wp\/v2\/media?parent=1124"}],"curies":[{"name":"wp","href":"https:\/\/api.w.org\/{rel}","templated":true}]}}