{"id":1201,"date":"2023-01-27T13:46:31","date_gmt":"2023-01-27T13:46:31","guid":{"rendered":"https:\/\/centroagricolacayambe.com\/?page_id=1201"},"modified":"2023-03-06T17:37:04","modified_gmt":"2023-03-06T17:37:04","slug":"desarrollo-carta","status":"publish","type":"page","link":"https:\/\/centroagricolacayambe.com\/index.php\/desarrollo-carta\/","title":{"rendered":"Desarrollo Carta"},"content":{"rendered":"\t\t<div data-elementor-type=\"wp-page\" data-elementor-id=\"1201\" class=\"elementor elementor-1201\">\n\t\t\t\t\t\t\t\t\t<section class=\"elementor-section elementor-top-section elementor-element elementor-element-7c8601b6 elementor-section-boxed elementor-section-height-default elementor-section-height-default\" data-id=\"7c8601b6\" data-element_type=\"section\">\n\t\t\t\t\t\t<div class=\"elementor-container elementor-column-gap-default\">\n\t\t\t\t\t<div class=\"elementor-column elementor-col-50 elementor-top-column elementor-element elementor-element-1b836ffe\" data-id=\"1b836ffe\" data-element_type=\"column\">\n\t\t\t<div class=\"elementor-widget-wrap elementor-element-populated\">\n\t\t\t\t\t\t\t\t<div class=\"elementor-element elementor-element-c896922 elementor-widget elementor-widget-image\" data-id=\"c896922\" data-element_type=\"widget\" data-widget_type=\"image.default\">\n\t\t\t\t<div class=\"elementor-widget-container\">\n\t\t\t<style>\/*! elementor - v3.10.2 - 29-01-2023 *\/\n.elementor-widget-image{text-align:center}.elementor-widget-image a{display:inline-block}.elementor-widget-image a img[src$=\".svg\"]{width:48px}.elementor-widget-image img{vertical-align:middle;display:inline-block}<\/style>\t\t\t\t\t\t\t\t\t\t\t\t<img decoding=\"async\" width=\"750\" height=\"342\" src=\"https:\/\/centroagricolacayambe.com\/wp-content\/uploads\/2023\/01\/Recurso-94-8.png\" class=\"attachment-medium_large size-medium_large wp-image-1024\" alt=\"\" loading=\"lazy\" srcset=\"https:\/\/centroagricolacayambe.com\/wp-content\/uploads\/2023\/01\/Recurso-94-8.png 762w, https:\/\/centroagricolacayambe.com\/wp-content\/uploads\/2023\/01\/Recurso-94-8-300x137.png 300w\" sizes=\"(max-width: 750px) 100vw, 750px\" style=\"width:100%;height:45.54%;max-width:762px\" \/>\t\t\t\t\t\t\t\t\t\t\t\t\t\t\t<\/div>\n\t\t\t\t<\/div>\n\t\t\t\t<div class=\"elementor-element elementor-element-5184c3e7 elementor-widget elementor-widget-heading\" data-id=\"5184c3e7\" data-element_type=\"widget\" data-widget_type=\"heading.default\">\n\t\t\t\t<div class=\"elementor-widget-container\">\n\t\t\t<style>\/*! elementor - v3.10.2 - 29-01-2023 *\/\n.elementor-heading-title{padding:0;margin:0;line-height:1}.elementor-widget-heading .elementor-heading-title[class*=elementor-size-]>a{color:inherit;font-size:inherit;line-height:inherit}.elementor-widget-heading .elementor-heading-title.elementor-size-small{font-size:15px}.elementor-widget-heading .elementor-heading-title.elementor-size-medium{font-size:19px}.elementor-widget-heading .elementor-heading-title.elementor-size-large{font-size:29px}.elementor-widget-heading .elementor-heading-title.elementor-size-xl{font-size:39px}.elementor-widget-heading .elementor-heading-title.elementor-size-xxl{font-size:59px}<\/style><h2 class=\"elementor-heading-title elementor-size-default\">Queridos Amigos y Socios:<\/h2>\t\t<\/div>\n\t\t\t\t<\/div>\n\t\t\t\t<div class=\"elementor-element elementor-element-e4937ab elementor-widget elementor-widget-text-editor\" data-id=\"e4937ab\" data-element_type=\"widget\" data-widget_type=\"text-editor.default\">\n\t\t\t\t<div class=\"elementor-widget-container\">\n\t\t\t<style>\/*! elementor - v3.10.2 - 29-01-2023 *\/\n.elementor-widget-text-editor.elementor-drop-cap-view-stacked .elementor-drop-cap{background-color:#818a91;color:#fff}.elementor-widget-text-editor.elementor-drop-cap-view-framed .elementor-drop-cap{color:#818a91;border:3px solid;background-color:transparent}.elementor-widget-text-editor:not(.elementor-drop-cap-view-default) .elementor-drop-cap{margin-top:8px}.elementor-widget-text-editor:not(.elementor-drop-cap-view-default) .elementor-drop-cap-letter{width:1em;height:1em}.elementor-widget-text-editor .elementor-drop-cap{float:left;text-align:center;line-height:1;font-size:50px}.elementor-widget-text-editor .elementor-drop-cap-letter{display:inline-block}<\/style>\t\t\t\t<div><span lang=\"ES\">\u00a1Por fin se acab\u00f3 el 2022! Un a\u00f1o\u00a0<\/span><span style=\"font-weight: 400;\">muy complejo desde el punto de vista pol\u00edtico, econ\u00f3mico y de mercado, en un a\u00f1o de una guerra sin sentido causada por Rusia y la post-pandemia del COVID que todav\u00eda sigue afect\u00e1ndonos en el d\u00eda a d\u00eda.\u00a0\u00a0\u00a0<\/span><\/div><p>\u00a0<\/p><p><span style=\"font-weight: 400;\">En este entorno, se ha vuelto m\u00e1s evidente que nunca trabajar en los 7 h\u00e1bitos de Covey para poder avanzar y crecer:<\/span><\/p>\t\t\t\t\t\t<\/div>\n\t\t\t\t<\/div>\n\t\t\t\t<div class=\"elementor-element elementor-element-c9837f6 elementor-icon-list--layout-traditional elementor-list-item-link-full_width elementor-widget elementor-widget-icon-list\" data-id=\"c9837f6\" data-element_type=\"widget\" data-widget_type=\"icon-list.default\">\n\t\t\t\t<div class=\"elementor-widget-container\">\n\t\t\t<link rel=\"stylesheet\" href=\"https:\/\/centroagricolacayambe.com\/wp-content\/plugins\/elementor\/assets\/css\/widget-icon-list.min.css\">\t\t<ul class=\"elementor-icon-list-items\">\n\t\t\t\t\t\t\t<li class=\"elementor-icon-list-item\">\n\t\t\t\t\t\t\t\t\t\t\t<span class=\"elementor-icon-list-icon\">\n\t\t\t\t\t\t\t<i aria-hidden=\"true\" class=\"fas fa-check\"><\/i>\t\t\t\t\t\t<\/span>\n\t\t\t\t\t\t\t\t\t\t<span class=\"elementor-icon-list-text\">Ser Proactivos<\/span>\n\t\t\t\t\t\t\t\t\t<\/li>\n\t\t\t\t\t\t\t\t<li class=\"elementor-icon-list-item\">\n\t\t\t\t\t\t\t\t\t\t\t<span class=\"elementor-icon-list-icon\">\n\t\t\t\t\t\t\t<i aria-hidden=\"true\" class=\"fas fa-check\"><\/i>\t\t\t\t\t\t<\/span>\n\t\t\t\t\t\t\t\t\t\t<span class=\"elementor-icon-list-text\">Tener un fin en mente<\/span>\n\t\t\t\t\t\t\t\t\t<\/li>\n\t\t\t\t\t\t\t\t<li class=\"elementor-icon-list-item\">\n\t\t\t\t\t\t\t\t\t\t\t<span class=\"elementor-icon-list-icon\">\n\t\t\t\t\t\t\t<i aria-hidden=\"true\" class=\"fas fa-check\"><\/i>\t\t\t\t\t\t<\/span>\n\t\t\t\t\t\t\t\t\t\t<span class=\"elementor-icon-list-text\">Establecer Prioridades<\/span>\n\t\t\t\t\t\t\t\t\t<\/li>\n\t\t\t\t\t\t\t\t<li class=\"elementor-icon-list-item\">\n\t\t\t\t\t\t\t\t\t\t\t<span class=\"elementor-icon-list-icon\">\n\t\t\t\t\t\t\t<i aria-hidden=\"true\" class=\"fas fa-check\"><\/i>\t\t\t\t\t\t<\/span>\n\t\t\t\t\t\t\t\t\t\t<span class=\"elementor-icon-list-text\">Pensar en ganar\/ganar<\/span>\n\t\t\t\t\t\t\t\t\t<\/li>\n\t\t\t\t\t\t\t\t<li class=\"elementor-icon-list-item\">\n\t\t\t\t\t\t\t\t\t\t\t<span class=\"elementor-icon-list-icon\">\n\t\t\t\t\t\t\t<i aria-hidden=\"true\" class=\"fas fa-check\"><\/i>\t\t\t\t\t\t<\/span>\n\t\t\t\t\t\t\t\t\t\t<span class=\"elementor-icon-list-text\">Primero Comprender, despu\u00e9s ser comprendido<\/span>\n\t\t\t\t\t\t\t\t\t<\/li>\n\t\t\t\t\t\t\t\t<li class=\"elementor-icon-list-item\">\n\t\t\t\t\t\t\t\t\t\t\t<span class=\"elementor-icon-list-icon\">\n\t\t\t\t\t\t\t<i aria-hidden=\"true\" class=\"fas fa-check\"><\/i>\t\t\t\t\t\t<\/span>\n\t\t\t\t\t\t\t\t\t\t<span class=\"elementor-icon-list-text\">Crear sinergias<\/span>\n\t\t\t\t\t\t\t\t\t<\/li>\n\t\t\t\t\t\t\t\t<li class=\"elementor-icon-list-item\">\n\t\t\t\t\t\t\t\t\t\t\t<span class=\"elementor-icon-list-icon\">\n\t\t\t\t\t\t\t<i aria-hidden=\"true\" class=\"fas fa-check\"><\/i>\t\t\t\t\t\t<\/span>\n\t\t\t\t\t\t\t\t\t\t<span class=\"elementor-icon-list-text\">Afilar la sierra<\/span>\n\t\t\t\t\t\t\t\t\t<\/li>\n\t\t\t\t\t\t<\/ul>\n\t\t\t\t<\/div>\n\t\t\t\t<\/div>\n\t\t\t\t\t<\/div>\n\t\t<\/div>\n\t\t\t\t<div class=\"elementor-column elementor-col-50 elementor-top-column elementor-element elementor-element-741636e1\" data-id=\"741636e1\" data-element_type=\"column\">\n\t\t\t<div class=\"elementor-widget-wrap elementor-element-populated\">\n\t\t\t\t\t\t\t\t<div class=\"elementor-element elementor-element-c135cc2 elementor-widget elementor-widget-text-editor\" data-id=\"c135cc2\" data-element_type=\"widget\" data-widget_type=\"text-editor.default\">\n\t\t\t\t<div class=\"elementor-widget-container\">\n\t\t\t\t\t\t\t<p><span style=\"font-weight: 400;\">Nuestro CACC es una plataforma estupenda para trabajar junto con Ustedes queridos socios, en estos frentes y con Ustedes podemos hacer mucho m\u00e1s efectiva nuestra labor y el apoyo que podamos darles.\u00a0<\/span><\/p><p>\u00a0<\/p><p><span style=\"font-weight: 400;\">Seguimos fortaleciendo los pilares que el Centro Agr\u00edcola vino trabajando en el pasado, a trav\u00e9s de nuestras relaciones gremiales para retomar una mejor gesti\u00f3n frente al Gobierno y otros stakeholders, desarrollando nuestras relaciones con las comunidades y en cierta parte con el gobierno local, y sobre todo, buscando ofertar de nuevo servicios como el de la vacunaci\u00f3n de la fiebre aftosa, programas de capacitaci\u00f3n, potencializaci\u00f3n de la producci\u00f3n del Centro Agr\u00edcola y mejoras en las condiciones econ\u00f3micas de todas las actividades, incluyendo la re-estructuraci\u00f3n laboral del CACC. \u00a0 Para esto fue fundamental la modificaci\u00f3n del gobierno corporativo que ustedes aprobaron y que incluya la contrataci\u00f3n de nuestro Gerente General, sin el cual no hubiera sido posible avanzar en estos frentes.\u00a0<\/span><\/p><p>\u00a0<\/p><p><span style=\"font-weight: 400;\">Tenemos muchos proyectos en carpeta que esperamos se materialicen este a\u00f1o, tales como el lanzamiento de nuestra plataforma digital y de e-commerce, la implementaci\u00f3n de un sistema de riego en todo el CACC que permita maximizar la producci\u00f3n de pastos, el apoyo en proyectos de reducci\u00f3n de costos de producci\u00f3n para los socios, vinculaci\u00f3n de la siguiente \u201ccamada\u201d de hijos de los socios que nos traigan esa energ\u00eda y vitalidad que caracteriza esta nueva \u00e9poca.\u00a0<\/span><\/p><p><span style=\"font-weight: 400;\">Por todo esto, deseo agradecer el apoyo a todo el Directorio del CACC, sin el cual nada de esto hubiera sido posible y estamos optimistas en los resultados que podremos alcanzar el a\u00f1o 2023 donde esperamos poder fortalecer los v\u00ednculos y relaciones con los socios del CACC.\u00a0<\/span><\/p>\t\t\t\t\t\t<\/div>\n\t\t\t\t<\/div>\n\t\t\t\t<div class=\"elementor-element elementor-element-c914bb6 elementor-widget elementor-widget-text-editor\" data-id=\"c914bb6\" data-element_type=\"widget\" data-widget_type=\"text-editor.default\">\n\t\t\t\t<div class=\"elementor-widget-container\">\n\t\t\t\t\t\t\t<p><span style=\"font-weight: 400;\">FELIZ 2023 Y BENDICIONES A TODAS SUS FAMILIAS<\/span><\/p><p><span style=\"font-weight: 400;\">Fabian Eguiguren<\/span><\/p><p><span style=\"font-weight: 400;\">Presidente del Directorio<\/span><\/p><p><span style=\"font-weight: 400;\">Centro Agr\u00edcola Cantonal de Cayambe. <\/span><\/p>\t\t\t\t\t\t<\/div>\n\t\t\t\t<\/div>\n\t\t\t\t\t<\/div>\n\t\t<\/div>\n\t\t\t\t\t\t\t<\/div>\n\t\t<\/section>\n\t\t\t\t\t\t\t<\/div>\n\t\t","protected":false},"excerpt":{"rendered":"<p>Queridos Amigos y Socios: \u00a1Por fin se acab\u00f3 el 2022! Un a\u00f1o\u00a0muy complejo desde el punto de vista pol\u00edtico, econ\u00f3mico y de mercado, en un a\u00f1o de una guerra sin sentido causada por Rusia y la post-pandemia del COVID que todav\u00eda sigue afect\u00e1ndonos en el d\u00eda a d\u00eda.\u00a0\u00a0\u00a0 \u00a0 En este entorno, se ha vuelto&hellip; <a class=\"more-link\" href=\"https:\/\/centroagricolacayambe.com\/index.php\/desarrollo-carta\/\">Continue reading <span class=\"screen-reader-text\">Desarrollo Carta<\/span><\/a><\/p>\n","protected":false},"author":1,"featured_media":0,"parent":0,"menu_order":0,"comment_status":"closed","ping_status":"closed","template":"elementor_header_footer","meta":[],"_links":{"self":[{"href":"https:\/\/centroagricolacayambe.com\/index.php\/wp-json\/wp\/v2\/pages\/1201"}],"collection":[{"href":"https:\/\/centroagricolacayambe.com\/index.php\/wp-json\/wp\/v2\/pages"}],"about":[{"href":"https:\/\/centroagricolacayambe.com\/index.php\/wp-json\/wp\/v2\/types\/page"}],"author":[{"embeddable":true,"href":"https:\/\/centroagricolacayambe.com\/index.php\/wp-json\/wp\/v2\/users\/1"}],"replies":[{"embeddable":true,"href":"https:\/\/centroagricolacayambe.com\/index.php\/wp-json\/wp\/v2\/comments?post=1201"}],"version-history":[{"count":47,"href":"https:\/\/centroagricolacayambe.com\/index.php\/wp-json\/wp\/v2\/pages\/1201\/revisions"}],"predecessor-version":[{"id":1747,"href":"https:\/\/centroagricolacayambe.com\/index.php\/wp-json\/wp\/v2\/pages\/1201\/revisions\/1747"}],"wp:attachment":[{"href":"https:\/\/centroagricolacayambe.com\/index.php\/wp-json\/wp\/v2\/media?parent=1201"}],"curies":[{"name":"wp","href":"https:\/\/api.w.org\/{rel}","templated":true}]}}