{"id":1507,"date":"2023-03-02T18:02:16","date_gmt":"2023-03-02T18:02:16","guid":{"rendered":"https:\/\/centroagricolacayambe.com\/?page_id=1507"},"modified":"2023-03-06T17:16:37","modified_gmt":"2023-03-06T17:16:37","slug":"campana-de-vacunacion-aftosa-2022","status":"publish","type":"page","link":"https:\/\/centroagricolacayambe.com\/index.php\/campana-de-vacunacion-aftosa-2022\/","title":{"rendered":"Campa\u00f1a de vacunaci\u00f3n AFTOSA 2022"},"content":{"rendered":"\t\t<div data-elementor-type=\"wp-page\" data-elementor-id=\"1507\" class=\"elementor elementor-1507\">\n\t\t\t\t\t\t\t\t\t<section class=\"elementor-section elementor-top-section elementor-element elementor-element-8860787 elementor-section-full_width elementor-section-height-default elementor-section-height-default\" data-id=\"8860787\" data-element_type=\"section\">\n\t\t\t\t\t\t<div class=\"elementor-container elementor-column-gap-no\">\n\t\t\t\t\t<div class=\"elementor-column elementor-col-20 elementor-top-column elementor-element elementor-element-688c3ab\" data-id=\"688c3ab\" data-element_type=\"column\" data-settings=\"{&quot;background_background&quot;:&quot;classic&quot;}\">\n\t\t\t<div class=\"elementor-widget-wrap elementor-element-populated\">\n\t\t\t\t\t\t\t\t<div class=\"elementor-element elementor-element-126857e elementor-widget elementor-widget-heading\" data-id=\"126857e\" data-element_type=\"widget\" data-widget_type=\"heading.default\">\n\t\t\t\t<div class=\"elementor-widget-container\">\n\t\t\t<style>\/*! elementor - v3.10.2 - 29-01-2023 *\/\n.elementor-heading-title{padding:0;margin:0;line-height:1}.elementor-widget-heading .elementor-heading-title[class*=elementor-size-]>a{color:inherit;font-size:inherit;line-height:inherit}.elementor-widget-heading .elementor-heading-title.elementor-size-small{font-size:15px}.elementor-widget-heading .elementor-heading-title.elementor-size-medium{font-size:19px}.elementor-widget-heading .elementor-heading-title.elementor-size-large{font-size:29px}.elementor-widget-heading .elementor-heading-title.elementor-size-xl{font-size:39px}.elementor-widget-heading .elementor-heading-title.elementor-size-xxl{font-size:59px}<\/style><h2 class=\"elementor-heading-title elementor-size-default\"><a href=\"#charlas\">Charlas \/ Tecnificaci\u00f3n<\/a><\/h2>\t\t<\/div>\n\t\t\t\t<\/div>\n\t\t\t\t\t<\/div>\n\t\t<\/div>\n\t\t\t\t<div class=\"elementor-column elementor-col-20 elementor-top-column elementor-element elementor-element-9f2fadc\" data-id=\"9f2fadc\" data-element_type=\"column\" data-settings=\"{&quot;background_background&quot;:&quot;classic&quot;}\">\n\t\t\t<div class=\"elementor-widget-wrap elementor-element-populated\">\n\t\t\t\t\t\t\t\t<div class=\"elementor-element elementor-element-029dfb1 elementor-widget elementor-widget-heading\" data-id=\"029dfb1\" data-element_type=\"widget\" data-widget_type=\"heading.default\">\n\t\t\t\t<div class=\"elementor-widget-container\">\n\t\t\t<h2 class=\"elementor-heading-title elementor-size-default\"><a href=\"#vacc\">Campa\u00f1a Vacunaci\u00f3n AFTOSA 2022<\/a><\/h2>\t\t<\/div>\n\t\t\t\t<\/div>\n\t\t\t\t\t<\/div>\n\t\t<\/div>\n\t\t\t\t<div class=\"elementor-column elementor-col-20 elementor-top-column elementor-element elementor-element-b79a5e5\" data-id=\"b79a5e5\" data-element_type=\"column\" data-settings=\"{&quot;background_background&quot;:&quot;classic&quot;}\">\n\t\t\t<div class=\"elementor-widget-wrap elementor-element-populated\">\n\t\t\t\t\t\t\t\t<div class=\"elementor-element elementor-element-eb63ccb elementor-widget elementor-widget-heading\" data-id=\"eb63ccb\" data-element_type=\"widget\" data-widget_type=\"heading.default\">\n\t\t\t\t<div class=\"elementor-widget-container\">\n\t\t\t<h2 class=\"elementor-heading-title elementor-size-default\"><a href=\"#sociedad\">Nuestro aporte a la Sociedad<\/a><\/h2>\t\t<\/div>\n\t\t\t\t<\/div>\n\t\t\t\t\t<\/div>\n\t\t<\/div>\n\t\t\t\t<div class=\"elementor-column elementor-col-20 elementor-top-column elementor-element elementor-element-93c51b9\" data-id=\"93c51b9\" data-element_type=\"column\" data-settings=\"{&quot;background_background&quot;:&quot;classic&quot;}\">\n\t\t\t<div class=\"elementor-widget-wrap elementor-element-populated\">\n\t\t\t\t\t\t\t\t<div class=\"elementor-element elementor-element-f98a090 elementor-widget elementor-widget-heading\" data-id=\"f98a090\" data-element_type=\"widget\" data-widget_type=\"heading.default\">\n\t\t\t\t<div class=\"elementor-widget-container\">\n\t\t\t<h2 class=\"elementor-heading-title elementor-size-default\"><a href=\"#fardos\">Producci\u00f3n fardos<\/a><\/h2>\t\t<\/div>\n\t\t\t\t<\/div>\n\t\t\t\t\t<\/div>\n\t\t<\/div>\n\t\t\t\t<div class=\"elementor-column elementor-col-20 elementor-top-column elementor-element elementor-element-317e82b\" data-id=\"317e82b\" data-element_type=\"column\" data-settings=\"{&quot;background_background&quot;:&quot;classic&quot;}\">\n\t\t\t<div class=\"elementor-widget-wrap elementor-element-populated\">\n\t\t\t\t\t\t\t\t<div class=\"elementor-element elementor-element-f2ad087 elementor-widget elementor-widget-heading\" data-id=\"f2ad087\" data-element_type=\"widget\" data-widget_type=\"heading.default\">\n\t\t\t\t<div class=\"elementor-widget-container\">\n\t\t\t<h2 class=\"elementor-heading-title elementor-size-default\"><a href=\"#maquinaria\">Alquiler de maquinaria \n<\/a><\/h2>\t\t<\/div>\n\t\t\t\t<\/div>\n\t\t\t\t\t<\/div>\n\t\t<\/div>\n\t\t\t\t\t\t\t<\/div>\n\t\t<\/section>\n\t\t\t\t<section class=\"elementor-section elementor-top-section elementor-element elementor-element-26e806a1 elementor-section-boxed elementor-section-height-default elementor-section-height-default\" data-id=\"26e806a1\" data-element_type=\"section\">\n\t\t\t\t\t\t<div class=\"elementor-container elementor-column-gap-default\">\n\t\t\t\t\t<div class=\"elementor-column elementor-col-50 elementor-top-column elementor-element elementor-element-51a5b2dc\" data-id=\"51a5b2dc\" data-element_type=\"column\">\n\t\t\t<div class=\"elementor-widget-wrap elementor-element-populated\">\n\t\t\t\t\t\t\t\t<div class=\"elementor-element elementor-element-27c60b7e elementor-widget elementor-widget-image\" data-id=\"27c60b7e\" data-element_type=\"widget\" data-widget_type=\"image.default\">\n\t\t\t\t<div class=\"elementor-widget-container\">\n\t\t\t<style>\/*! elementor - v3.10.2 - 29-01-2023 *\/\n.elementor-widget-image{text-align:center}.elementor-widget-image a{display:inline-block}.elementor-widget-image a img[src$=\".svg\"]{width:48px}.elementor-widget-image img{vertical-align:middle;display:inline-block}<\/style>\t\t\t\t\t\t\t\t\t\t\t\t<img decoding=\"async\" width=\"695\" height=\"954\" src=\"https:\/\/centroagricolacayambe.com\/wp-content\/uploads\/2023\/01\/vacu-1-8.png\" class=\"attachment-medium_large size-medium_large wp-image-591\" alt=\"\" loading=\"lazy\" srcset=\"https:\/\/centroagricolacayambe.com\/wp-content\/uploads\/2023\/01\/vacu-1-8.png 695w, https:\/\/centroagricolacayambe.com\/wp-content\/uploads\/2023\/01\/vacu-1-8-219x300.png 219w\" sizes=\"(max-width: 695px) 100vw, 695px\" style=\"width:100%;height:137.27%;max-width:695px\" \/>\t\t\t\t\t\t\t\t\t\t\t\t\t\t\t<\/div>\n\t\t\t\t<\/div>\n\t\t\t\t\t<\/div>\n\t\t<\/div>\n\t\t\t\t<div class=\"elementor-column elementor-col-50 elementor-top-column elementor-element elementor-element-25323052\" data-id=\"25323052\" data-element_type=\"column\">\n\t\t\t<div class=\"elementor-widget-wrap elementor-element-populated\">\n\t\t\t\t\t\t\t\t<div class=\"elementor-element elementor-element-a718841 elementor-widget elementor-widget-menu-anchor\" data-id=\"a718841\" data-element_type=\"widget\" data-widget_type=\"menu-anchor.default\">\n\t\t\t\t<div class=\"elementor-widget-container\">\n\t\t\t<style>\/*! elementor - v3.10.2 - 29-01-2023 *\/\nbody.elementor-page .elementor-widget-menu-anchor{margin-bottom:0}<\/style>\t\t<div id=\"vacc\" class=\"elementor-menu-anchor\"><\/div>\n\t\t\t\t<\/div>\n\t\t\t\t<\/div>\n\t\t\t\t<div class=\"elementor-element elementor-element-2392d192 elementor-widget elementor-widget-heading\" data-id=\"2392d192\" data-element_type=\"widget\" data-widget_type=\"heading.default\">\n\t\t\t\t<div class=\"elementor-widget-container\">\n\t\t\t<h2 class=\"elementor-heading-title elementor-size-default\">Campa\u00f1a Vacunaci\u00f3n AFTOSA 2022<\/h2>\t\t<\/div>\n\t\t\t\t<\/div>\n\t\t\t\t<div class=\"elementor-element elementor-element-b6ea419 elementor-widget elementor-widget-heading\" data-id=\"b6ea419\" data-element_type=\"widget\" data-widget_type=\"heading.default\">\n\t\t\t\t<div class=\"elementor-widget-container\">\n\t\t\t<h2 class=\"elementor-heading-title elementor-size-default\">El Centro Agr\u00edcola Cantonal de Cayambe es Operador Oficial \u00danico de Vacunaci\u00f3n en las zonas de Cayambe, Pedro Moncayo y San Jos\u00e9 de Minas.  \n\nEn el a\u00f1o 2022, en el per\u00edodo del 28 de julio al 30 de septiembre, realizamos la Fase 1 de vacunaci\u00f3n como medida zoosanitaria estrat\u00e9gica.<\/h2>\t\t<\/div>\n\t\t\t\t<\/div>\n\t\t\t\t<div class=\"elementor-element elementor-element-07cb818 elementor-widget elementor-widget-text-editor\" data-id=\"07cb818\" data-element_type=\"widget\" data-widget_type=\"text-editor.default\">\n\t\t\t\t<div class=\"elementor-widget-container\">\n\t\t\t<style>\/*! elementor - v3.10.2 - 29-01-2023 *\/\n.elementor-widget-text-editor.elementor-drop-cap-view-stacked .elementor-drop-cap{background-color:#818a91;color:#fff}.elementor-widget-text-editor.elementor-drop-cap-view-framed .elementor-drop-cap{color:#818a91;border:3px solid;background-color:transparent}.elementor-widget-text-editor:not(.elementor-drop-cap-view-default) .elementor-drop-cap{margin-top:8px}.elementor-widget-text-editor:not(.elementor-drop-cap-view-default) .elementor-drop-cap-letter{width:1em;height:1em}.elementor-widget-text-editor .elementor-drop-cap{float:left;text-align:center;line-height:1;font-size:50px}.elementor-widget-text-editor .elementor-drop-cap-letter{display:inline-block}<\/style>\t\t\t\t<p>La Fiebre Aftosa es una enfermedad viral, altamente contagiosa y de r\u00e1pida difusi\u00f3n. E<span style=\"font-weight: 400;\">sta enfermedad afecta al ganado dom<\/span><span style=\"font-weight: 400;\">\u00e9<\/span><span style=\"font-weight: 400;\">stico y animales silvestres vinculados. El Ecuador fue declarado Libre con vacunaci<\/span><span style=\"font-weight: 400;\">\u00f3<\/span><span style=\"font-weight: 400;\">n en territorio continental y Libre sin vacunaci<\/span><span style=\"font-weight: 400;\">\u00f3<\/span><span style=\"font-weight: 400;\">n en la regi<\/span><span style=\"font-weight: 400;\">\u00f3<\/span><span style=\"font-weight: 400;\">n insular en el a<\/span><span style=\"font-weight: 400;\">\u00f1<\/span><span style=\"font-weight: 400;\">o 2015. El <\/span><span style=\"font-weight: 400;\">\u00fa<\/span><span style=\"font-weight: 400;\">ltimo brote de Fiebre Aftosa en <\/span><span style=\"font-weight: 400;\">el Ecuador se registr<\/span><span style=\"font-weight: 400;\">\u00f3<\/span><span style=\"font-weight: 400;\"> en el a<\/span><span style=\"font-weight: 400;\">\u00f1<\/span><span style=\"font-weight: 400;\">o 2011.<\/span><\/p><p><span style=\"font-weight: 400;\">\u00a0<\/span><\/p><p><span style=\"font-weight: 400;\">El Centro Agr<\/span><span style=\"font-weight: 400;\">\u00ed<\/span><span style=\"font-weight: 400;\">cola Cantonal de Cayambe es Operador Oficial <\/span><span style=\"font-weight: 400;\">\u00da<\/span><span style=\"font-weight: 400;\">nico de Vacunaci<\/span><span style=\"font-weight: 400;\">\u00f3<\/span><span style=\"font-weight: 400;\">n en las zonas de Cayambe, Pedro Moncayo y San Jos<\/span><span style=\"font-weight: 400;\">\u00e9<\/span><span style=\"font-weight: 400;\"> de Minas.<\/span><span style=\"font-weight: 400;\">\u00a0<\/span><span style=\"font-weight: 400;\"> En el a<\/span><span style=\"font-weight: 400;\">\u00f1<\/span><span style=\"font-weight: 400;\">o 2022<\/span><span style=\"font-weight: 400;\">, en el per<\/span><span style=\"font-weight: 400;\">\u00ed<\/span><span style=\"font-weight: 400;\">odo del 28 de julio al 30 de septiembre, realizamos la Fase 1 de vacunaci<\/span><span style=\"font-weight: 400;\">\u00f3<\/span><span style=\"font-weight: 400;\">n como medida zoosanitaria estrat<\/span><span style=\"font-weight: 400;\">\u00e9<\/span><span style=\"font-weight: 400;\">gica con el apoyo de 12 t<\/span><span style=\"font-weight: 400;\">\u00e9<\/span><span style=\"font-weight: 400;\">cnicos capacitados para la implementaci<\/span><span style=\"font-weight: 400;\">\u00f3<\/span><span style=\"font-weight: 400;\">n y seguimiento del proceso, vacunamos 66.000 animales correspondientes a 7.800 propietarios ganaderos.<\/span><\/p>\t\t\t\t\t\t<\/div>\n\t\t\t\t<\/div>\n\t\t\t\t\t<\/div>\n\t\t<\/div>\n\t\t\t\t\t\t\t<\/div>\n\t\t<\/section>\n\t\t\t\t<section class=\"elementor-section elementor-top-section elementor-element elementor-element-ed9f7eb elementor-section-boxed elementor-section-height-default elementor-section-height-default\" data-id=\"ed9f7eb\" data-element_type=\"section\">\n\t\t\t\t\t\t<div class=\"elementor-container elementor-column-gap-default\">\n\t\t\t\t\t<div class=\"elementor-column elementor-col-50 elementor-top-column elementor-element elementor-element-00884ca\" data-id=\"00884ca\" data-element_type=\"column\">\n\t\t\t<div class=\"elementor-widget-wrap elementor-element-populated\">\n\t\t\t\t\t\t\t\t<div class=\"elementor-element elementor-element-e89f5f3 elementor-widget elementor-widget-image\" data-id=\"e89f5f3\" data-element_type=\"widget\" data-widget_type=\"image.default\">\n\t\t\t\t<div class=\"elementor-widget-container\">\n\t\t\t\t\t\t\t\t\t\t\t\t\t\t\t<img decoding=\"async\" width=\"403\" height=\"313\" src=\"https:\/\/centroagricolacayambe.com\/wp-content\/uploads\/2023\/01\/s1-8.png\" class=\"attachment-large size-large wp-image-548\" alt=\"\" loading=\"lazy\" srcset=\"https:\/\/centroagricolacayambe.com\/wp-content\/uploads\/2023\/01\/s1-8.png 403w, https:\/\/centroagricolacayambe.com\/wp-content\/uploads\/2023\/01\/s1-8-300x233.png 300w\" sizes=\"(max-width: 403px) 100vw, 403px\" style=\"width:100%;height:77.67%;max-width:403px\" \/>\t\t\t\t\t\t\t\t\t\t\t\t\t\t\t<\/div>\n\t\t\t\t<\/div>\n\t\t\t\t\t<\/div>\n\t\t<\/div>\n\t\t\t\t<div class=\"elementor-column elementor-col-50 elementor-top-column elementor-element elementor-element-6c1441e\" data-id=\"6c1441e\" data-element_type=\"column\">\n\t\t\t<div class=\"elementor-widget-wrap elementor-element-populated\">\n\t\t\t\t\t\t\t\t<div class=\"elementor-element elementor-element-18da7cc elementor-widget elementor-widget-image\" data-id=\"18da7cc\" data-element_type=\"widget\" data-widget_type=\"image.default\">\n\t\t\t\t<div class=\"elementor-widget-container\">\n\t\t\t\t\t\t\t\t\t\t\t\t\t\t\t<img decoding=\"async\" width=\"403\" height=\"313\" src=\"https:\/\/centroagricolacayambe.com\/wp-content\/uploads\/2023\/01\/Recurso-75-8.png\" class=\"attachment-large size-large wp-image-869\" alt=\"\" loading=\"lazy\" srcset=\"https:\/\/centroagricolacayambe.com\/wp-content\/uploads\/2023\/01\/Recurso-75-8.png 403w, https:\/\/centroagricolacayambe.com\/wp-content\/uploads\/2023\/01\/Recurso-75-8-300x233.png 300w\" sizes=\"(max-width: 403px) 100vw, 403px\" style=\"width:100%;height:77.67%;max-width:403px\" \/>\t\t\t\t\t\t\t\t\t\t\t\t\t\t\t<\/div>\n\t\t\t\t<\/div>\n\t\t\t\t\t<\/div>\n\t\t<\/div>\n\t\t\t\t\t\t\t<\/div>\n\t\t<\/section>\n\t\t\t\t<section class=\"elementor-section elementor-top-section elementor-element elementor-element-18d0410 elementor-section-boxed elementor-section-height-default elementor-section-height-default\" data-id=\"18d0410\" data-element_type=\"section\">\n\t\t\t\t\t\t<div class=\"elementor-container elementor-column-gap-default\">\n\t\t\t\t\t<div class=\"elementor-column elementor-col-50 elementor-top-column elementor-element elementor-element-5548d47\" data-id=\"5548d47\" data-element_type=\"column\">\n\t\t\t<div class=\"elementor-widget-wrap elementor-element-populated\">\n\t\t\t\t\t\t\t\t<div class=\"elementor-element elementor-element-0ee6743 elementor-widget elementor-widget-heading\" data-id=\"0ee6743\" data-element_type=\"widget\" data-widget_type=\"heading.default\">\n\t\t\t\t<div class=\"elementor-widget-container\">\n\t\t\t<h2 class=\"elementor-heading-title elementor-size-default\">Cierre campa\u00f1a de vacunaci\u00f3n Aftosa 2022 <\/h2>\t\t<\/div>\n\t\t\t\t<\/div>\n\t\t\t\t<div class=\"elementor-element elementor-element-5bc36fe elementor-widget elementor-widget-heading\" data-id=\"5bc36fe\" data-element_type=\"widget\" data-widget_type=\"heading.default\">\n\t\t\t\t<div class=\"elementor-widget-container\">\n\t\t\t<h2 class=\"elementor-heading-title elementor-size-default\">11 de noviembre 2022<\/h2>\t\t<\/div>\n\t\t\t\t<\/div>\n\t\t\t\t<div class=\"elementor-element elementor-element-b7a7460 elementor-widget elementor-widget-text-editor\" data-id=\"b7a7460\" data-element_type=\"widget\" data-widget_type=\"text-editor.default\">\n\t\t\t\t<div class=\"elementor-widget-container\">\n\t\t\t\t\t\t\t<p style=\"font-weight: 400;\">Con el equipo de la campa\u00f1a del Centro Agr\u00edcola Cantonal de Cayambe campa\u00f1a se realizo un almuerzo y entrega de certificados<\/p>\t\t\t\t\t\t<\/div>\n\t\t\t\t<\/div>\n\t\t\t\t\t<\/div>\n\t\t<\/div>\n\t\t\t\t<div class=\"elementor-column elementor-col-50 elementor-top-column elementor-element elementor-element-786d316\" data-id=\"786d316\" data-element_type=\"column\">\n\t\t\t<div class=\"elementor-widget-wrap elementor-element-populated\">\n\t\t\t\t\t\t\t\t<div class=\"elementor-element elementor-element-951bf54 elementor-widget elementor-widget-image\" data-id=\"951bf54\" data-element_type=\"widget\" data-widget_type=\"image.default\">\n\t\t\t\t<div class=\"elementor-widget-container\">\n\t\t\t\t\t\t\t\t\t\t\t\t<figure class=\"wp-caption\">\n\t\t\t\t\t\t\t\t\t\t<img decoding=\"async\" width=\"750\" height=\"632\" src=\"https:\/\/centroagricolacayambe.com\/wp-content\/uploads\/2023\/03\/FIN-CAMPANA-VAC-AFTOSA-1-1-1024x863.jpg\" class=\"attachment-large size-large wp-image-1515\" alt=\"\" loading=\"lazy\" srcset=\"https:\/\/centroagricolacayambe.com\/wp-content\/uploads\/2023\/03\/FIN-CAMPANA-VAC-AFTOSA-1-1-1024x863.jpg 1024w, https:\/\/centroagricolacayambe.com\/wp-content\/uploads\/2023\/03\/FIN-CAMPANA-VAC-AFTOSA-1-1-300x253.jpg 300w, https:\/\/centroagricolacayambe.com\/wp-content\/uploads\/2023\/03\/FIN-CAMPANA-VAC-AFTOSA-1-1-768x648.jpg 768w, https:\/\/centroagricolacayambe.com\/wp-content\/uploads\/2023\/03\/FIN-CAMPANA-VAC-AFTOSA-1-1-1536x1295.jpg 1536w, https:\/\/centroagricolacayambe.com\/wp-content\/uploads\/2023\/03\/FIN-CAMPANA-VAC-AFTOSA-1-1-2048x1727.jpg 2048w, https:\/\/centroagricolacayambe.com\/wp-content\/uploads\/2023\/03\/FIN-CAMPANA-VAC-AFTOSA-1-1-1568x1322.jpg 1568w\" sizes=\"(max-width: 750px) 100vw, 750px\" style=\"width:100%;height:84.34%;max-width:2560px\" \/>\t\t\t\t\t\t\t\t\t\t\t<figcaption class=\"widget-image-caption wp-caption-text\"><\/figcaption>\n\t\t\t\t\t\t\t\t\t\t<\/figure>\n\t\t\t\t\t\t\t\t\t<\/div>\n\t\t\t\t<\/div>\n\t\t\t\t\t<\/div>\n\t\t<\/div>\n\t\t\t\t\t\t\t<\/div>\n\t\t<\/section>\n\t\t\t\t<section class=\"elementor-section elementor-top-section elementor-element elementor-element-050cc0b elementor-section-boxed elementor-section-height-default elementor-section-height-default\" data-id=\"050cc0b\" data-element_type=\"section\">\n\t\t\t\t\t\t<div class=\"elementor-container elementor-column-gap-default\">\n\t\t\t\t\t<div class=\"elementor-column elementor-col-50 elementor-top-column elementor-element elementor-element-50bb44a\" data-id=\"50bb44a\" data-element_type=\"column\">\n\t\t\t<div class=\"elementor-widget-wrap elementor-element-populated\">\n\t\t\t\t\t\t\t\t<div class=\"elementor-element elementor-element-0388e20 elementor-widget elementor-widget-image\" data-id=\"0388e20\" data-element_type=\"widget\" data-widget_type=\"image.default\">\n\t\t\t\t<div class=\"elementor-widget-container\">\n\t\t\t\t\t\t\t\t\t\t\t\t\t\t\t<img decoding=\"async\" width=\"750\" height=\"837\" src=\"https:\/\/centroagricolacayambe.com\/wp-content\/uploads\/2023\/01\/mapaa-8-918x1024.png\" class=\"attachment-large size-large wp-image-748\" alt=\"\" loading=\"lazy\" srcset=\"https:\/\/centroagricolacayambe.com\/wp-content\/uploads\/2023\/01\/mapaa-8-918x1024.png 918w, https:\/\/centroagricolacayambe.com\/wp-content\/uploads\/2023\/01\/mapaa-8-269x300.png 269w, https:\/\/centroagricolacayambe.com\/wp-content\/uploads\/2023\/01\/mapaa-8-768x857.png 768w, https:\/\/centroagricolacayambe.com\/wp-content\/uploads\/2023\/01\/mapaa-8.png 1071w\" sizes=\"(max-width: 750px) 100vw, 750px\" style=\"width:100%;height:111.58%;max-width:1071px\" \/>\t\t\t\t\t\t\t\t\t\t\t\t\t\t\t<\/div>\n\t\t\t\t<\/div>\n\t\t\t\t\t<\/div>\n\t\t<\/div>\n\t\t\t\t<div class=\"elementor-column elementor-col-50 elementor-top-column elementor-element elementor-element-0dc0afb\" data-id=\"0dc0afb\" data-element_type=\"column\">\n\t\t\t<div class=\"elementor-widget-wrap elementor-element-populated\">\n\t\t\t\t\t\t\t\t<div class=\"elementor-element elementor-element-ea3ad43 elementor-widget elementor-widget-heading\" data-id=\"ea3ad43\" data-element_type=\"widget\" data-widget_type=\"heading.default\">\n\t\t\t\t<div class=\"elementor-widget-container\">\n\t\t\t<h2 class=\"elementor-heading-title elementor-size-default\">Expansi\u00f3n regional de la campa\u00f1a de vacunaci\u00f3n aftosa<\/h2>\t\t<\/div>\n\t\t\t\t<\/div>\n\t\t\t\t<div class=\"elementor-element elementor-element-bbe4863 elementor-widget elementor-widget-text-editor\" data-id=\"bbe4863\" data-element_type=\"widget\" data-widget_type=\"text-editor.default\">\n\t\t\t\t<div class=\"elementor-widget-container\">\n\t\t\t\t\t\t\t<p>El Centro Agr\u00edcola Cantonal de Cayambe es Operador Oficial \u00danico de Vacunaci\u00f3n en las zonas de Cayambe, Pedro Moncayo y San Jos\u00e9 de Minas.\u00a0 En el a\u00f1o 2022, en el per\u00edodo del 28 de julio al 30 de septiembre, realizamos la Fase 1 de vacunaci\u00f3n como medida zoosanitaria estrat\u00e9gica.<\/p><p><br \/>Despu\u00e9s\u00a0del 100% de nuestro cumplimiento en la meta programada en la campa\u00f1a de vacunaci\u00f3n AFTOSA 2022 \u2013\u00a0 Pichincha zona 1, tenemos como uno de nuestros proyectos y metas principales del a\u00f1o la expansi\u00f3n regional de la campa\u00f1a a nuestro cargo a la provincia de Pichincha e Imbabura.<\/p>\t\t\t\t\t\t<\/div>\n\t\t\t\t<\/div>\n\t\t\t\t\t<\/div>\n\t\t<\/div>\n\t\t\t\t\t\t\t<\/div>\n\t\t<\/section>\n\t\t\t\t\t\t\t<\/div>\n\t\t","protected":false},"excerpt":{"rendered":"<p>Charlas \/ Tecnificaci\u00f3n Campa\u00f1a Vacunaci\u00f3n AFTOSA 2022 Nuestro aporte a la Sociedad Producci\u00f3n fardos Alquiler de maquinaria Campa\u00f1a Vacunaci\u00f3n AFTOSA 2022 El Centro Agr\u00edcola Cantonal de Cayambe es Operador Oficial \u00danico de Vacunaci\u00f3n en las zonas de Cayambe, Pedro Moncayo y San Jos\u00e9 de Minas. En el a\u00f1o 2022, en el per\u00edodo del 28 de&hellip; <a class=\"more-link\" href=\"https:\/\/centroagricolacayambe.com\/index.php\/campana-de-vacunacion-aftosa-2022\/\">Continue reading <span class=\"screen-reader-text\">Campa\u00f1a de vacunaci\u00f3n AFTOSA 2022<\/span><\/a><\/p>\n","protected":false},"author":1,"featured_media":0,"parent":0,"menu_order":0,"comment_status":"closed","ping_status":"closed","template":"elementor_header_footer","meta":[],"_links":{"self":[{"href":"https:\/\/centroagricolacayambe.com\/index.php\/wp-json\/wp\/v2\/pages\/1507"}],"collection":[{"href":"https:\/\/centroagricolacayambe.com\/index.php\/wp-json\/wp\/v2\/pages"}],"about":[{"href":"https:\/\/centroagricolacayambe.com\/index.php\/wp-json\/wp\/v2\/types\/page"}],"author":[{"embeddable":true,"href":"https:\/\/centroagricolacayambe.com\/index.php\/wp-json\/wp\/v2\/users\/1"}],"replies":[{"embeddable":true,"href":"https:\/\/centroagricolacayambe.com\/index.php\/wp-json\/wp\/v2\/comments?post=1507"}],"version-history":[{"count":10,"href":"https:\/\/centroagricolacayambe.com\/index.php\/wp-json\/wp\/v2\/pages\/1507\/revisions"}],"predecessor-version":[{"id":1717,"href":"https:\/\/centroagricolacayambe.com\/index.php\/wp-json\/wp\/v2\/pages\/1507\/revisions\/1717"}],"wp:attachment":[{"href":"https:\/\/centroagricolacayambe.com\/index.php\/wp-json\/wp\/v2\/media?parent=1507"}],"curies":[{"name":"wp","href":"https:\/\/api.w.org\/{rel}","templated":true}]}}