{"id":45,"date":"2022-12-19T15:17:12","date_gmt":"2022-12-19T15:17:12","guid":{"rendered":"https:\/\/centroagricolacayambe.com\/?page_id=45"},"modified":"2023-07-25T15:46:31","modified_gmt":"2023-07-25T15:46:31","slug":"blog","status":"publish","type":"page","link":"https:\/\/centroagricolacayambe.com\/index.php\/blog\/","title":{"rendered":"Blog"},"content":{"rendered":"\t\t<div data-elementor-type=\"wp-page\" data-elementor-id=\"45\" class=\"elementor elementor-45\">\n\t\t\t\t\t\t\t\t\t<section class=\"elementor-section elementor-top-section elementor-element elementor-element-e0ed455 elementor-section-boxed elementor-section-height-default elementor-section-height-default\" data-id=\"e0ed455\" data-element_type=\"section\">\n\t\t\t\t\t\t<div class=\"elementor-container elementor-column-gap-default\">\n\t\t\t\t\t<div class=\"elementor-column elementor-col-100 elementor-top-column elementor-element elementor-element-1c652a9\" data-id=\"1c652a9\" data-element_type=\"column\">\n\t\t\t<div class=\"elementor-widget-wrap elementor-element-populated\">\n\t\t\t\t\t\t\t\t<div class=\"elementor-element elementor-element-1fb4eb7c elementor-widget elementor-widget-heading\" data-id=\"1fb4eb7c\" data-element_type=\"widget\" data-widget_type=\"heading.default\">\n\t\t\t\t<div class=\"elementor-widget-container\">\n\t\t\t<style>\/*! elementor - v3.10.2 - 29-01-2023 *\/\n.elementor-heading-title{padding:0;margin:0;line-height:1}.elementor-widget-heading .elementor-heading-title[class*=elementor-size-]>a{color:inherit;font-size:inherit;line-height:inherit}.elementor-widget-heading .elementor-heading-title.elementor-size-small{font-size:15px}.elementor-widget-heading .elementor-heading-title.elementor-size-medium{font-size:19px}.elementor-widget-heading .elementor-heading-title.elementor-size-large{font-size:29px}.elementor-widget-heading .elementor-heading-title.elementor-size-xl{font-size:39px}.elementor-widget-heading .elementor-heading-title.elementor-size-xxl{font-size:59px}<\/style><h2 class=\"elementor-heading-title elementor-size-xl\">Desfile de las Rosas y las Flores 2023\n<\/h2>\t\t<\/div>\n\t\t\t\t<\/div>\n\t\t\t\t<div class=\"elementor-element elementor-element-3c6b040 elementor-widget elementor-widget-text-editor\" data-id=\"3c6b040\" data-element_type=\"widget\" data-widget_type=\"text-editor.default\">\n\t\t\t\t<div class=\"elementor-widget-container\">\n\t\t\t<style>\/*! elementor - v3.10.2 - 29-01-2023 *\/\n.elementor-widget-text-editor.elementor-drop-cap-view-stacked .elementor-drop-cap{background-color:#818a91;color:#fff}.elementor-widget-text-editor.elementor-drop-cap-view-framed .elementor-drop-cap{color:#818a91;border:3px solid;background-color:transparent}.elementor-widget-text-editor:not(.elementor-drop-cap-view-default) .elementor-drop-cap{margin-top:8px}.elementor-widget-text-editor:not(.elementor-drop-cap-view-default) .elementor-drop-cap-letter{width:1em;height:1em}.elementor-widget-text-editor .elementor-drop-cap{float:left;text-align:center;line-height:1;font-size:50px}.elementor-widget-text-editor .elementor-drop-cap-letter{display:inline-block}<\/style>\t\t\t\t<p style=\"font-weight: 400;\">Felicitamos al Nucleo de Floricultores de Cayambe por tan bello y organizado evento!. Disfrutamos despu\u00e9s de varios a\u00f1os un desfile tan bonito y excelentemente organizado. \u00a0Con muchas carrozas llenas de flores, dando vida a im\u00e1genes representativas de Cayambe, como el Nevado, El Aya Uma , el colibr\u00ed. Comparsas de danzantes llenos de alegr\u00eda y folclor, el sonar de las bandas de pueblo, las coplas y canciones entonadas en instrumentos tradicionales, toda nuestra cultura y tradiciones muy bien representadas este s\u00e1bado 24 de junio en las calles principales de la ciudad.<\/p>\t\t\t\t\t\t<\/div>\n\t\t\t\t<\/div>\n\t\t\t\t\t<\/div>\n\t\t<\/div>\n\t\t\t\t\t\t\t<\/div>\n\t\t<\/section>\n\t\t\t\t<section class=\"elementor-section elementor-top-section elementor-element elementor-element-5f5bb8f1 elementor-section-boxed elementor-section-height-default elementor-section-height-default\" data-id=\"5f5bb8f1\" data-element_type=\"section\">\n\t\t\t\t\t\t<div class=\"elementor-container elementor-column-gap-default\">\n\t\t\t\t\t<div class=\"elementor-column elementor-col-50 elementor-top-column elementor-element elementor-element-6d63c878\" data-id=\"6d63c878\" data-element_type=\"column\">\n\t\t\t<div class=\"elementor-widget-wrap elementor-element-populated\">\n\t\t\t\t\t\t\t\t<div class=\"elementor-element elementor-element-9a7b243 elementor-widget elementor-widget-image\" data-id=\"9a7b243\" data-element_type=\"widget\" data-widget_type=\"image.default\">\n\t\t\t\t<div class=\"elementor-widget-container\">\n\t\t\t<style>\/*! elementor - v3.10.2 - 29-01-2023 *\/\n.elementor-widget-image{text-align:center}.elementor-widget-image a{display:inline-block}.elementor-widget-image a img[src$=\".svg\"]{width:48px}.elementor-widget-image img{vertical-align:middle;display:inline-block}<\/style>\t\t\t\t\t\t\t\t\t\t\t\t<img decoding=\"async\" width=\"750\" height=\"499\" src=\"https:\/\/centroagricolacayambe.com\/wp-content\/uploads\/2023\/06\/76545-1024x681.jpeg\" class=\"attachment-large size-large wp-image-2829\" alt=\"\" loading=\"lazy\" srcset=\"https:\/\/centroagricolacayambe.com\/wp-content\/uploads\/2023\/06\/76545-1024x681.jpeg 1024w, https:\/\/centroagricolacayambe.com\/wp-content\/uploads\/2023\/06\/76545-300x200.jpeg 300w, https:\/\/centroagricolacayambe.com\/wp-content\/uploads\/2023\/06\/76545-768x511.jpeg 768w, https:\/\/centroagricolacayambe.com\/wp-content\/uploads\/2023\/06\/76545.jpeg 1200w\" sizes=\"(max-width: 750px) 100vw, 750px\" style=\"width:100%;height:66.5%;max-width:1200px\" \/>\t\t\t\t\t\t\t\t\t\t\t\t\t\t\t<\/div>\n\t\t\t\t<\/div>\n\t\t\t\t\t<\/div>\n\t\t<\/div>\n\t\t\t\t<div class=\"elementor-column elementor-col-50 elementor-top-column elementor-element elementor-element-27419f00\" data-id=\"27419f00\" data-element_type=\"column\">\n\t\t\t<div class=\"elementor-widget-wrap elementor-element-populated\">\n\t\t\t\t\t\t\t\t<div class=\"elementor-element elementor-element-e5b65dc elementor-widget elementor-widget-image\" data-id=\"e5b65dc\" data-element_type=\"widget\" data-widget_type=\"image.default\">\n\t\t\t\t<div class=\"elementor-widget-container\">\n\t\t\t\t\t\t\t\t\t\t\t\t\t\t\t<img decoding=\"async\" width=\"681\" height=\"1024\" src=\"https:\/\/centroagricolacayambe.com\/wp-content\/uploads\/2023\/06\/123-681x1024.jpeg\" class=\"attachment-large size-large wp-image-2820\" alt=\"\" loading=\"lazy\" srcset=\"https:\/\/centroagricolacayambe.com\/wp-content\/uploads\/2023\/06\/123-681x1024.jpeg 681w, https:\/\/centroagricolacayambe.com\/wp-content\/uploads\/2023\/06\/123-200x300.jpeg 200w, https:\/\/centroagricolacayambe.com\/wp-content\/uploads\/2023\/06\/123-768x1155.jpeg 768w, https:\/\/centroagricolacayambe.com\/wp-content\/uploads\/2023\/06\/123.jpeg 798w\" sizes=\"(max-width: 681px) 100vw, 681px\" style=\"width:100%;height:150.38%;max-width:798px\" \/>\t\t\t\t\t\t\t\t\t\t\t\t\t\t\t<\/div>\n\t\t\t\t<\/div>\n\t\t\t\t\t<\/div>\n\t\t<\/div>\n\t\t\t\t\t\t\t<\/div>\n\t\t<\/section>\n\t\t\t\t<section class=\"elementor-section elementor-top-section elementor-element elementor-element-743245d elementor-section-boxed elementor-section-height-default elementor-section-height-default\" data-id=\"743245d\" data-element_type=\"section\">\n\t\t\t\t\t\t<div class=\"elementor-container elementor-column-gap-default\">\n\t\t\t\t\t<div class=\"elementor-column elementor-col-100 elementor-top-column elementor-element elementor-element-0d3ba33\" data-id=\"0d3ba33\" data-element_type=\"column\">\n\t\t\t<div class=\"elementor-widget-wrap elementor-element-populated\">\n\t\t\t\t\t\t\t\t<div class=\"elementor-element elementor-element-828dff8 elementor-widget elementor-widget-heading\" data-id=\"828dff8\" data-element_type=\"widget\" data-widget_type=\"heading.default\">\n\t\t\t\t<div class=\"elementor-widget-container\">\n\t\t\t<h2 class=\"elementor-heading-title elementor-size-xl\">Entrevista CACC - Abril 2023\n<\/h2>\t\t<\/div>\n\t\t\t\t<\/div>\n\t\t\t\t<div class=\"elementor-element elementor-element-a1af2b2 elementor-widget elementor-widget-text-editor\" data-id=\"a1af2b2\" data-element_type=\"widget\" data-widget_type=\"text-editor.default\">\n\t\t\t\t<div class=\"elementor-widget-container\">\n\t\t\t\t\t\t\t<div class=\"page\" title=\"Page 1\"><div class=\"section\"><div class=\"layoutArea\"><div class=\"column\"><p>Representante y miembro del directorio del Centro Agri\u0301cola Cantonal de Cayambe durante la charla impartida a la comunidad de La Chimba el di\u0301a viernes 31 de marzo en el\u00a0<span style=\"color: var(--global--color-primary); font-family: var(--global--font-secondary); font-size: var(--global--font-size-base); background-color: var(--global--color-background);\">centro de acopio de El Orden\u0303o<\/span><\/p><\/div><\/div><\/div><\/div>\t\t\t\t\t\t<\/div>\n\t\t\t\t<\/div>\n\t\t\t\t\t<\/div>\n\t\t<\/div>\n\t\t\t\t\t\t\t<\/div>\n\t\t<\/section>\n\t\t\t\t<section class=\"elementor-section elementor-top-section elementor-element elementor-element-d9b4bf5 elementor-section-boxed elementor-section-height-default elementor-section-height-default\" data-id=\"d9b4bf5\" data-element_type=\"section\">\n\t\t\t\t\t\t<div class=\"elementor-container elementor-column-gap-default\">\n\t\t\t\t\t<div class=\"elementor-column elementor-col-50 elementor-top-column elementor-element elementor-element-b29e350\" data-id=\"b29e350\" data-element_type=\"column\">\n\t\t\t<div class=\"elementor-widget-wrap elementor-element-populated\">\n\t\t\t\t\t\t\t\t<div class=\"elementor-element elementor-element-3f4dc89 elementor-widget elementor-widget-image\" data-id=\"3f4dc89\" data-element_type=\"widget\" data-widget_type=\"image.default\">\n\t\t\t\t<div class=\"elementor-widget-container\">\n\t\t\t\t\t\t\t\t\t\t\t\t\t\t\t<img decoding=\"async\" width=\"750\" height=\"784\" src=\"https:\/\/centroagricolacayambe.com\/wp-content\/uploads\/2023\/04\/Captura-de-pantalla-2023-04-17-a-las-7.17.55-p.m.-980x1024.png\" class=\"attachment-large size-large wp-image-2533\" alt=\"\" loading=\"lazy\" srcset=\"https:\/\/centroagricolacayambe.com\/wp-content\/uploads\/2023\/04\/Captura-de-pantalla-2023-04-17-a-las-7.17.55-p.m.-980x1024.png 980w, https:\/\/centroagricolacayambe.com\/wp-content\/uploads\/2023\/04\/Captura-de-pantalla-2023-04-17-a-las-7.17.55-p.m.-287x300.png 287w, https:\/\/centroagricolacayambe.com\/wp-content\/uploads\/2023\/04\/Captura-de-pantalla-2023-04-17-a-las-7.17.55-p.m.-768x803.png 768w, https:\/\/centroagricolacayambe.com\/wp-content\/uploads\/2023\/04\/Captura-de-pantalla-2023-04-17-a-las-7.17.55-p.m..png 1460w\" sizes=\"(max-width: 750px) 100vw, 750px\" style=\"width:100%;height:104.52%;max-width:1460px\" \/>\t\t\t\t\t\t\t\t\t\t\t\t\t\t\t<\/div>\n\t\t\t\t<\/div>\n\t\t\t\t\t<\/div>\n\t\t<\/div>\n\t\t\t\t<div class=\"elementor-column elementor-col-50 elementor-top-column elementor-element elementor-element-22a4fa9\" data-id=\"22a4fa9\" data-element_type=\"column\">\n\t\t\t<div class=\"elementor-widget-wrap elementor-element-populated\">\n\t\t\t\t\t\t\t\t<div class=\"elementor-element elementor-element-74261ea elementor-widget elementor-widget-image\" data-id=\"74261ea\" data-element_type=\"widget\" data-widget_type=\"image.default\">\n\t\t\t\t<div class=\"elementor-widget-container\">\n\t\t\t\t\t\t\t\t\t\t\t\t\t\t\t<img decoding=\"async\" width=\"750\" height=\"675\" src=\"https:\/\/centroagricolacayambe.com\/wp-content\/uploads\/2023\/04\/Captura-de-pantalla-2023-04-17-a-las-7.18.16-p.m.-1024x922.png\" class=\"attachment-large size-large wp-image-2534\" alt=\"\" loading=\"lazy\" srcset=\"https:\/\/centroagricolacayambe.com\/wp-content\/uploads\/2023\/04\/Captura-de-pantalla-2023-04-17-a-las-7.18.16-p.m.-1024x922.png 1024w, https:\/\/centroagricolacayambe.com\/wp-content\/uploads\/2023\/04\/Captura-de-pantalla-2023-04-17-a-las-7.18.16-p.m.-300x270.png 300w, https:\/\/centroagricolacayambe.com\/wp-content\/uploads\/2023\/04\/Captura-de-pantalla-2023-04-17-a-las-7.18.16-p.m.-768x692.png 768w, https:\/\/centroagricolacayambe.com\/wp-content\/uploads\/2023\/04\/Captura-de-pantalla-2023-04-17-a-las-7.18.16-p.m..png 1466w\" sizes=\"(max-width: 750px) 100vw, 750px\" style=\"width:100%;height:90.04%;max-width:1466px\" \/>\t\t\t\t\t\t\t\t\t\t\t\t\t\t\t<\/div>\n\t\t\t\t<\/div>\n\t\t\t\t\t<\/div>\n\t\t<\/div>\n\t\t\t\t\t\t\t<\/div>\n\t\t<\/section>\n\t\t\t\t<section class=\"elementor-section elementor-top-section elementor-element elementor-element-56db0518 elementor-reverse-mobile elementor-section-boxed elementor-section-height-default elementor-section-height-default\" data-id=\"56db0518\" data-element_type=\"section\">\n\t\t\t\t\t\t<div class=\"elementor-container elementor-column-gap-default\">\n\t\t\t\t\t<div class=\"elementor-column elementor-col-50 elementor-top-column elementor-element elementor-element-79c772a4\" data-id=\"79c772a4\" data-element_type=\"column\">\n\t\t\t<div class=\"elementor-widget-wrap elementor-element-populated\">\n\t\t\t\t\t\t\t\t<div class=\"elementor-element elementor-element-3ca00b4d elementor-widget elementor-widget-heading\" data-id=\"3ca00b4d\" data-element_type=\"widget\" data-widget_type=\"heading.default\">\n\t\t\t\t<div class=\"elementor-widget-container\">\n\t\t\t<h2 class=\"elementor-heading-title elementor-size-default\">Visita Ministro Manzano<\/h2>\t\t<\/div>\n\t\t\t\t<\/div>\n\t\t\t\t<div class=\"elementor-element elementor-element-7e91451c elementor-widget elementor-widget-text-editor\" data-id=\"7e91451c\" data-element_type=\"widget\" data-widget_type=\"text-editor.default\">\n\t\t\t\t<div class=\"elementor-widget-container\">\n\t\t\t\t\t\t\t<p>Visita del Ministro de Agricultura, Bernardo Manzano, al CACC para formalizar la entrega de la urea subsidiada por parte del Gobierno y de Kits tecnol\u00f3gicos a las comunidades de Cayambe. Asistieron 130 personas incluyendo representantes de comunidades y miembros del MAG. Entre los temas importantes para nuestro gremio lechero, se propuso el lanzamiento de un nuevo lote de urea subsidiada, se enfatiz\u00f3 el apoyo por parte del Gobierno a contrarrestar la adulteraci\u00f3n de la leche con suero, el fortalecimiento de acciones para enfrentar el contrabando de leche que ingresa al Ecuador, el incremento de los d\u00edas para el desayuno escolar, el lanzamiento de nuevos cr\u00e9ditos agropecuarios y el precio al productor lechero.<\/p>\t\t\t\t\t\t<\/div>\n\t\t\t\t<\/div>\n\t\t\t\t\t<\/div>\n\t\t<\/div>\n\t\t\t\t<div class=\"elementor-column elementor-col-50 elementor-top-column elementor-element elementor-element-30d6c869\" data-id=\"30d6c869\" data-element_type=\"column\">\n\t\t\t<div class=\"elementor-widget-wrap elementor-element-populated\">\n\t\t\t\t\t\t\t\t<div class=\"elementor-element elementor-element-b4008e3 elementor-aspect-ratio-169 elementor-widget elementor-widget-video\" data-id=\"b4008e3\" data-element_type=\"widget\" data-settings=\"{&quot;video_type&quot;:&quot;hosted&quot;,&quot;controls&quot;:&quot;yes&quot;,&quot;aspect_ratio&quot;:&quot;169&quot;}\" data-widget_type=\"video.default\">\n\t\t\t\t<div class=\"elementor-widget-container\">\n\t\t\t<style>\/*! elementor - v3.10.2 - 29-01-2023 *\/\n.elementor-widget-video .elementor-widget-container{overflow:hidden;transform:translateZ(0)}.elementor-widget-video .elementor-open-inline .elementor-custom-embed-image-overlay{position:absolute;top:0;left:0;width:100%;height:100%;background-size:cover;background-position:50%}.elementor-widget-video .elementor-custom-embed-image-overlay{cursor:pointer;text-align:center}.elementor-widget-video .elementor-custom-embed-image-overlay:hover .elementor-custom-embed-play i{opacity:1}.elementor-widget-video .elementor-custom-embed-image-overlay img{display:block;width:100%}.elementor-widget-video .e-hosted-video .elementor-video{-o-object-fit:cover;object-fit:cover}.e-con-inner>.elementor-widget-video,.e-con>.elementor-widget-video{width:var(--container-widget-width);--flex-grow:var(--container-widget-flex-grow)}<\/style>\t\t<div class=\"e-hosted-video elementor-wrapper elementor-fit-aspect-ratio elementor-open-inline\">\n\t\t\t\t\t<video class=\"elementor-video\" src=\"https:\/\/centroagricolacayambe.com\/wp-content\/uploads\/2023\/02\/Reel-visita-ministro-agricultura.mov\" controls=\"\" preload=\"metadata\" controlsList=\"nodownload\"><\/video>\n\t\t\t\t<\/div>\n\t\t\t\t<\/div>\n\t\t\t\t<\/div>\n\t\t\t\t\t<\/div>\n\t\t<\/div>\n\t\t\t\t\t\t\t<\/div>\n\t\t<\/section>\n\t\t\t\t<section class=\"elementor-section elementor-top-section elementor-element elementor-element-b42c6f6 elementor-section-boxed elementor-section-height-default elementor-section-height-default\" data-id=\"b42c6f6\" data-element_type=\"section\">\n\t\t\t\t\t\t<div class=\"elementor-container elementor-column-gap-default\">\n\t\t\t\t\t<div class=\"elementor-column elementor-col-50 elementor-top-column elementor-element elementor-element-d1c70c9\" data-id=\"d1c70c9\" data-element_type=\"column\">\n\t\t\t<div class=\"elementor-widget-wrap elementor-element-populated\">\n\t\t\t\t\t\t\t\t<div class=\"elementor-element elementor-element-c97f4cd elementor-aspect-ratio-169 elementor-widget elementor-widget-video\" data-id=\"c97f4cd\" data-element_type=\"widget\" data-settings=\"{&quot;video_type&quot;:&quot;hosted&quot;,&quot;autoplay&quot;:&quot;yes&quot;,&quot;controls&quot;:&quot;yes&quot;,&quot;aspect_ratio&quot;:&quot;169&quot;}\" data-widget_type=\"video.default\">\n\t\t\t\t<div class=\"elementor-widget-container\">\n\t\t\t\t\t<div class=\"e-hosted-video elementor-wrapper elementor-fit-aspect-ratio elementor-open-inline\">\n\t\t\t\t\t<video class=\"elementor-video\" src=\"https:\/\/centroagricolacayambe.com\/wp-content\/uploads\/2023\/02\/IMG_1023.mov\" autoplay=\"\" controls=\"\" controlsList=\"nodownload\"><\/video>\n\t\t\t\t<\/div>\n\t\t\t\t<\/div>\n\t\t\t\t<\/div>\n\t\t\t\t\t<\/div>\n\t\t<\/div>\n\t\t\t\t<div class=\"elementor-column elementor-col-50 elementor-top-column elementor-element elementor-element-7cc80e3\" data-id=\"7cc80e3\" data-element_type=\"column\">\n\t\t\t<div class=\"elementor-widget-wrap elementor-element-populated\">\n\t\t\t\t\t\t\t\t<div class=\"elementor-element elementor-element-1c58db8 elementor-widget elementor-widget-heading\" data-id=\"1c58db8\" data-element_type=\"widget\" data-widget_type=\"heading.default\">\n\t\t\t\t<div class=\"elementor-widget-container\">\n\t\t\t<h2 class=\"elementor-heading-title elementor-size-default\">Almuerzo anual de socios CACC \n<\/h2>\t\t<\/div>\n\t\t\t\t<\/div>\n\t\t\t\t<div class=\"elementor-element elementor-element-740bbf7 elementor-widget elementor-widget-text-editor\" data-id=\"740bbf7\" data-element_type=\"widget\" data-widget_type=\"text-editor.default\">\n\t\t\t\t<div class=\"elementor-widget-container\">\n\t\t\t\t\t\t\t<p>Este espacio para compartir como una gran familia todas las experiencias del a\u00f1o pasado, conocer los avances que se han realizado y las nuevas propuestas y metas para el nuevo a\u00f1o.<\/p>\t\t\t\t\t\t<\/div>\n\t\t\t\t<\/div>\n\t\t\t\t<div class=\"elementor-element elementor-element-b6224b9 elementor-widget elementor-widget-button\" data-id=\"b6224b9\" data-element_type=\"widget\" data-widget_type=\"button.default\">\n\t\t\t\t<div class=\"elementor-widget-container\">\n\t\t\t\t\t<div class=\"elementor-button-wrapper\">\n\t\t\t<a href=\"#\" class=\"elementor-button-link elementor-button elementor-size-sm\" role=\"button\">\n\t\t\t\t\t\t<span class=\"elementor-button-content-wrapper\">\n\t\t\t\t\t\t<span class=\"elementor-button-text\">LEER M\u00c1S<\/span>\n\t\t<\/span>\n\t\t\t\t\t<\/a>\n\t\t<\/div>\n\t\t\t\t<\/div>\n\t\t\t\t<\/div>\n\t\t\t\t\t<\/div>\n\t\t<\/div>\n\t\t\t\t\t\t\t<\/div>\n\t\t<\/section>\n\t\t\t\t<section class=\"elementor-section elementor-top-section elementor-element elementor-element-4c4b4e47 elementor-reverse-mobile elementor-section-boxed elementor-section-height-default elementor-section-height-default\" data-id=\"4c4b4e47\" data-element_type=\"section\">\n\t\t\t\t\t\t<div class=\"elementor-container elementor-column-gap-default\">\n\t\t\t\t\t<div class=\"elementor-column elementor-col-50 elementor-top-column elementor-element elementor-element-51d2511f\" data-id=\"51d2511f\" data-element_type=\"column\">\n\t\t\t<div class=\"elementor-widget-wrap elementor-element-populated\">\n\t\t\t\t\t\t\t\t<div class=\"elementor-element elementor-element-51ef78f3 elementor-widget elementor-widget-heading\" data-id=\"51ef78f3\" data-element_type=\"widget\" data-widget_type=\"heading.default\">\n\t\t\t\t<div class=\"elementor-widget-container\">\n\t\t\t<h2 class=\"elementor-heading-title elementor-size-default\">Entrevista interna Fausto Jarrin<\/h2>\t\t<\/div>\n\t\t\t\t<\/div>\n\t\t\t\t<div class=\"elementor-element elementor-element-533c0f66 elementor-widget elementor-widget-text-editor\" data-id=\"533c0f66\" data-element_type=\"widget\" data-widget_type=\"text-editor.default\">\n\t\t\t\t<div class=\"elementor-widget-container\">\n\t\t\t\t\t\t\t<p><span style=\"font-weight: 400;\">Ha compartido con nuestro CACC desde hace aproximadamente 30 a\u00f1os como vocal por largo tiempo y como socio, por lo que a conocido y a compartido con la gran mayor\u00eda de personas involucradas en nuestra historia, as\u00ed como a sido parte importante de nuestro proceso y nuestros logros con su visi\u00f3n y carisma sin duda fue y sigue siendo un personaje de gran aporte y estima para nosotros.\u00a0<\/span><\/p>\t\t\t\t\t\t<\/div>\n\t\t\t\t<\/div>\n\t\t\t\t<div class=\"elementor-element elementor-element-6005e4d elementor-widget elementor-widget-button\" data-id=\"6005e4d\" data-element_type=\"widget\" data-widget_type=\"button.default\">\n\t\t\t\t<div class=\"elementor-widget-container\">\n\t\t\t\t\t<div class=\"elementor-button-wrapper\">\n\t\t\t<a href=\"https:\/\/centroagricolacayambe.com\/index.php\/entrevista-fausto-jarrin\" class=\"elementor-button-link elementor-button elementor-size-sm\" role=\"button\">\n\t\t\t\t\t\t<span class=\"elementor-button-content-wrapper\">\n\t\t\t\t\t\t<span class=\"elementor-button-text\">LEER M\u00c1S<\/span>\n\t\t<\/span>\n\t\t\t\t\t<\/a>\n\t\t<\/div>\n\t\t\t\t<\/div>\n\t\t\t\t<\/div>\n\t\t\t\t\t<\/div>\n\t\t<\/div>\n\t\t\t\t<div class=\"elementor-column elementor-col-50 elementor-top-column elementor-element elementor-element-21fbf020\" data-id=\"21fbf020\" data-element_type=\"column\">\n\t\t\t<div class=\"elementor-widget-wrap elementor-element-populated\">\n\t\t\t\t\t\t\t\t<div class=\"elementor-element elementor-element-bcc038a elementor-widget elementor-widget-image\" data-id=\"bcc038a\" data-element_type=\"widget\" data-widget_type=\"image.default\">\n\t\t\t\t<div class=\"elementor-widget-container\">\n\t\t\t\t\t\t\t\t\t\t\t\t\t\t\t<img decoding=\"async\" width=\"453\" height=\"359\" src=\"https:\/\/centroagricolacayambe.com\/wp-content\/uploads\/2023\/01\/Recurso-84-8.png\" class=\"attachment-medium_large size-medium_large wp-image-963\" alt=\"\" loading=\"lazy\" srcset=\"https:\/\/centroagricolacayambe.com\/wp-content\/uploads\/2023\/01\/Recurso-84-8.png 453w, https:\/\/centroagricolacayambe.com\/wp-content\/uploads\/2023\/01\/Recurso-84-8-300x238.png 300w\" sizes=\"(max-width: 453px) 100vw, 453px\" style=\"width:100%;height:79.25%;max-width:453px\" \/>\t\t\t\t\t\t\t\t\t\t\t\t\t\t\t<\/div>\n\t\t\t\t<\/div>\n\t\t\t\t\t<\/div>\n\t\t<\/div>\n\t\t\t\t\t\t\t<\/div>\n\t\t<\/section>\n\t\t\t\t\t\t\t<\/div>\n\t\t","protected":false},"excerpt":{"rendered":"<p>Desfile de las Rosas y las Flores 2023 Felicitamos al Nucleo de Floricultores de Cayambe por tan bello y organizado evento!. Disfrutamos despu\u00e9s de varios a\u00f1os un desfile tan bonito y excelentemente organizado. \u00a0Con muchas carrozas llenas de flores, dando vida a im\u00e1genes representativas de Cayambe, como el Nevado, El Aya Uma , el colibr\u00ed.&hellip; <a class=\"more-link\" href=\"https:\/\/centroagricolacayambe.com\/index.php\/blog\/\">Continue reading <span class=\"screen-reader-text\">Blog<\/span><\/a><\/p>\n","protected":false},"author":1,"featured_media":0,"parent":0,"menu_order":0,"comment_status":"closed","ping_status":"closed","template":"elementor_header_footer","meta":[],"_links":{"self":[{"href":"https:\/\/centroagricolacayambe.com\/index.php\/wp-json\/wp\/v2\/pages\/45"}],"collection":[{"href":"https:\/\/centroagricolacayambe.com\/index.php\/wp-json\/wp\/v2\/pages"}],"about":[{"href":"https:\/\/centroagricolacayambe.com\/index.php\/wp-json\/wp\/v2\/types\/page"}],"author":[{"embeddable":true,"href":"https:\/\/centroagricolacayambe.com\/index.php\/wp-json\/wp\/v2\/users\/1"}],"replies":[{"embeddable":true,"href":"https:\/\/centroagricolacayambe.com\/index.php\/wp-json\/wp\/v2\/comments?post=45"}],"version-history":[{"count":79,"href":"https:\/\/centroagricolacayambe.com\/index.php\/wp-json\/wp\/v2\/pages\/45\/revisions"}],"predecessor-version":[{"id":3188,"href":"https:\/\/centroagricolacayambe.com\/index.php\/wp-json\/wp\/v2\/pages\/45\/revisions\/3188"}],"wp:attachment":[{"href":"https:\/\/centroagricolacayambe.com\/index.php\/wp-json\/wp\/v2\/media?parent=45"}],"curies":[{"name":"wp","href":"https:\/\/api.w.org\/{rel}","templated":true}]}}