{"id":477,"date":"2023-01-09T21:44:28","date_gmt":"2023-01-09T21:44:28","guid":{"rendered":"https:\/\/centroagricolacayambe.com\/?page_id=477"},"modified":"2023-03-01T21:16:51","modified_gmt":"2023-03-01T21:16:51","slug":"servicios","status":"publish","type":"page","link":"https:\/\/centroagricolacayambe.com\/index.php\/servicios\/","title":{"rendered":"Fardos CACC"},"content":{"rendered":"\t\t<div data-elementor-type=\"wp-page\" data-elementor-id=\"477\" class=\"elementor elementor-477\">\n\t\t\t\t\t\t\t\t\t<section class=\"elementor-section elementor-top-section elementor-element elementor-element-8860787 elementor-section-full_width elementor-section-height-default elementor-section-height-default\" data-id=\"8860787\" data-element_type=\"section\">\n\t\t\t\t\t\t<div class=\"elementor-container elementor-column-gap-no\">\n\t\t\t\t\t<div class=\"elementor-column elementor-col-20 elementor-top-column elementor-element elementor-element-688c3ab\" data-id=\"688c3ab\" data-element_type=\"column\" data-settings=\"{&quot;background_background&quot;:&quot;classic&quot;}\">\n\t\t\t<div class=\"elementor-widget-wrap elementor-element-populated\">\n\t\t\t\t\t\t\t\t<div class=\"elementor-element elementor-element-126857e elementor-widget elementor-widget-heading\" data-id=\"126857e\" data-element_type=\"widget\" data-widget_type=\"heading.default\">\n\t\t\t\t<div class=\"elementor-widget-container\">\n\t\t\t<style>\/*! elementor - v3.10.2 - 29-01-2023 *\/\n.elementor-heading-title{padding:0;margin:0;line-height:1}.elementor-widget-heading .elementor-heading-title[class*=elementor-size-]>a{color:inherit;font-size:inherit;line-height:inherit}.elementor-widget-heading .elementor-heading-title.elementor-size-small{font-size:15px}.elementor-widget-heading .elementor-heading-title.elementor-size-medium{font-size:19px}.elementor-widget-heading .elementor-heading-title.elementor-size-large{font-size:29px}.elementor-widget-heading .elementor-heading-title.elementor-size-xl{font-size:39px}.elementor-widget-heading .elementor-heading-title.elementor-size-xxl{font-size:59px}<\/style><h2 class=\"elementor-heading-title elementor-size-default\"><a href=\"#charlas\">Charlas \/ Tecnificaci\u00f3n<\/a><\/h2>\t\t<\/div>\n\t\t\t\t<\/div>\n\t\t\t\t\t<\/div>\n\t\t<\/div>\n\t\t\t\t<div class=\"elementor-column elementor-col-20 elementor-top-column elementor-element elementor-element-9f2fadc\" data-id=\"9f2fadc\" data-element_type=\"column\" data-settings=\"{&quot;background_background&quot;:&quot;classic&quot;}\">\n\t\t\t<div class=\"elementor-widget-wrap elementor-element-populated\">\n\t\t\t\t\t\t\t\t<div class=\"elementor-element elementor-element-029dfb1 elementor-widget elementor-widget-heading\" data-id=\"029dfb1\" data-element_type=\"widget\" data-widget_type=\"heading.default\">\n\t\t\t\t<div class=\"elementor-widget-container\">\n\t\t\t<h2 class=\"elementor-heading-title elementor-size-default\"><a href=\"#vacc\">Campa\u00f1a Vacunaci\u00f3n AFTOSA 2022<\/a><\/h2>\t\t<\/div>\n\t\t\t\t<\/div>\n\t\t\t\t\t<\/div>\n\t\t<\/div>\n\t\t\t\t<div class=\"elementor-column elementor-col-20 elementor-top-column elementor-element elementor-element-b79a5e5\" data-id=\"b79a5e5\" data-element_type=\"column\" data-settings=\"{&quot;background_background&quot;:&quot;classic&quot;}\">\n\t\t\t<div class=\"elementor-widget-wrap elementor-element-populated\">\n\t\t\t\t\t\t\t\t<div class=\"elementor-element elementor-element-eb63ccb elementor-widget elementor-widget-heading\" data-id=\"eb63ccb\" data-element_type=\"widget\" data-widget_type=\"heading.default\">\n\t\t\t\t<div class=\"elementor-widget-container\">\n\t\t\t<h2 class=\"elementor-heading-title elementor-size-default\"><a href=\"#sociedad\">Nuestro aporte a la Sociedad<\/a><\/h2>\t\t<\/div>\n\t\t\t\t<\/div>\n\t\t\t\t\t<\/div>\n\t\t<\/div>\n\t\t\t\t<div class=\"elementor-column elementor-col-20 elementor-top-column elementor-element elementor-element-93c51b9\" data-id=\"93c51b9\" data-element_type=\"column\" data-settings=\"{&quot;background_background&quot;:&quot;classic&quot;}\">\n\t\t\t<div class=\"elementor-widget-wrap elementor-element-populated\">\n\t\t\t\t\t\t\t\t<div class=\"elementor-element elementor-element-f98a090 elementor-widget elementor-widget-heading\" data-id=\"f98a090\" data-element_type=\"widget\" data-widget_type=\"heading.default\">\n\t\t\t\t<div class=\"elementor-widget-container\">\n\t\t\t<h2 class=\"elementor-heading-title elementor-size-default\"><a href=\"#fardos\">Producci\u00f3n fardos<\/a><\/h2>\t\t<\/div>\n\t\t\t\t<\/div>\n\t\t\t\t\t<\/div>\n\t\t<\/div>\n\t\t\t\t<div class=\"elementor-column elementor-col-20 elementor-top-column elementor-element elementor-element-317e82b\" data-id=\"317e82b\" data-element_type=\"column\" data-settings=\"{&quot;background_background&quot;:&quot;classic&quot;}\">\n\t\t\t<div class=\"elementor-widget-wrap elementor-element-populated\">\n\t\t\t\t\t\t\t\t<div class=\"elementor-element elementor-element-f2ad087 elementor-widget elementor-widget-heading\" data-id=\"f2ad087\" data-element_type=\"widget\" data-widget_type=\"heading.default\">\n\t\t\t\t<div class=\"elementor-widget-container\">\n\t\t\t<h2 class=\"elementor-heading-title elementor-size-default\"><a href=\"#maquinaria\">Alquiler de maquinaria \n<\/a><\/h2>\t\t<\/div>\n\t\t\t\t<\/div>\n\t\t\t\t\t<\/div>\n\t\t<\/div>\n\t\t\t\t\t\t\t<\/div>\n\t\t<\/section>\n\t\t\t\t<section class=\"elementor-section elementor-top-section elementor-element elementor-element-7583306 elementor-section-boxed elementor-section-height-default elementor-section-height-default\" data-id=\"7583306\" data-element_type=\"section\">\n\t\t\t\t\t\t<div class=\"elementor-container elementor-column-gap-default\">\n\t\t\t\t\t<div class=\"elementor-column elementor-col-50 elementor-top-column elementor-element elementor-element-ac86a25\" data-id=\"ac86a25\" data-element_type=\"column\">\n\t\t\t<div class=\"elementor-widget-wrap elementor-element-populated\">\n\t\t\t\t\t\t\t\t<div class=\"elementor-element elementor-element-d8b5120 elementor-widget elementor-widget-image\" data-id=\"d8b5120\" data-element_type=\"widget\" data-widget_type=\"image.default\">\n\t\t\t\t<div class=\"elementor-widget-container\">\n\t\t\t<style>\/*! elementor - v3.10.2 - 29-01-2023 *\/\n.elementor-widget-image{text-align:center}.elementor-widget-image a{display:inline-block}.elementor-widget-image a img[src$=\".svg\"]{width:48px}.elementor-widget-image img{vertical-align:middle;display:inline-block}<\/style>\t\t\t\t\t\t\t\t\t\t\t\t<img decoding=\"async\" width=\"403\" height=\"313\" src=\"https:\/\/centroagricolacayambe.com\/wp-content\/uploads\/2023\/01\/s4-8.png\" class=\"attachment-medium_large size-medium_large wp-image-551\" alt=\"\" loading=\"lazy\" srcset=\"https:\/\/centroagricolacayambe.com\/wp-content\/uploads\/2023\/01\/s4-8.png 403w, https:\/\/centroagricolacayambe.com\/wp-content\/uploads\/2023\/01\/s4-8-300x233.png 300w\" sizes=\"(max-width: 403px) 100vw, 403px\" style=\"width:100%;height:77.67%;max-width:403px\" \/>\t\t\t\t\t\t\t\t\t\t\t\t\t\t\t<\/div>\n\t\t\t\t<\/div>\n\t\t\t\t\t<\/div>\n\t\t<\/div>\n\t\t\t\t<div class=\"elementor-column elementor-col-50 elementor-top-column elementor-element elementor-element-10e8bec\" data-id=\"10e8bec\" data-element_type=\"column\">\n\t\t\t<div class=\"elementor-widget-wrap elementor-element-populated\">\n\t\t\t\t\t\t\t\t<div class=\"elementor-element elementor-element-e515262 elementor-widget elementor-widget-menu-anchor\" data-id=\"e515262\" data-element_type=\"widget\" data-widget_type=\"menu-anchor.default\">\n\t\t\t\t<div class=\"elementor-widget-container\">\n\t\t\t<style>\/*! elementor - v3.10.2 - 29-01-2023 *\/\nbody.elementor-page .elementor-widget-menu-anchor{margin-bottom:0}<\/style>\t\t<div id=\"fardos\" class=\"elementor-menu-anchor\"><\/div>\n\t\t\t\t<\/div>\n\t\t\t\t<\/div>\n\t\t\t\t<div class=\"elementor-element elementor-element-47887f1 elementor-widget elementor-widget-heading\" data-id=\"47887f1\" data-element_type=\"widget\" data-widget_type=\"heading.default\">\n\t\t\t\t<div class=\"elementor-widget-container\">\n\t\t\t<h2 class=\"elementor-heading-title elementor-size-default\">Producci\u00f3n y comercializaci\u00f3n de fardos <\/h2>\t\t<\/div>\n\t\t\t\t<\/div>\n\t\t\t\t<div class=\"elementor-element elementor-element-cb063b3 elementor-widget elementor-widget-heading\" data-id=\"cb063b3\" data-element_type=\"widget\" data-widget_type=\"heading.default\">\n\t\t\t\t<div class=\"elementor-widget-container\">\n\t\t\t<h2 class=\"elementor-heading-title elementor-size-default\">Debido a la estacionalidad de la producci\u00f3n forrajera de la zona, es necesario recurrir al uso de reservas forrajeras.<\/h2>\t\t<\/div>\n\t\t\t\t<\/div>\n\t\t\t\t<div class=\"elementor-element elementor-element-1aee372 elementor-widget elementor-widget-text-editor\" data-id=\"1aee372\" data-element_type=\"widget\" data-widget_type=\"text-editor.default\">\n\t\t\t\t<div class=\"elementor-widget-container\">\n\t\t\t<style>\/*! elementor - v3.10.2 - 29-01-2023 *\/\n.elementor-widget-text-editor.elementor-drop-cap-view-stacked .elementor-drop-cap{background-color:#818a91;color:#fff}.elementor-widget-text-editor.elementor-drop-cap-view-framed .elementor-drop-cap{color:#818a91;border:3px solid;background-color:transparent}.elementor-widget-text-editor:not(.elementor-drop-cap-view-default) .elementor-drop-cap{margin-top:8px}.elementor-widget-text-editor:not(.elementor-drop-cap-view-default) .elementor-drop-cap-letter{width:1em;height:1em}.elementor-widget-text-editor .elementor-drop-cap{float:left;text-align:center;line-height:1;font-size:50px}.elementor-widget-text-editor .elementor-drop-cap-letter{display:inline-block}<\/style>\t\t\t\t<p>Dentro de las especies utilizadas se encuentra la alfalfa, uno de los cultivos forrajeros por excelencia.\u00a0<\/p><p><br \/>Su gran valor se debe al alto potencial de producci\u00f3n de materia seca, alto contenido proteico, alta digestibilidad y a los contenidos de vitaminas A, E y K o sus precursores. En nuestra zona es m\u00e1s importante el aprovechamiento bajo corte que el pastoril. <br \/>La principal forma de conservaci\u00f3n de la alfalfa en nuestra zona es la henificaci\u00f3n en forma de fardos, siendo muy escasa la confecci\u00f3n de rollos.\u00a0<\/p><p><br \/>Esta \u00faltima pr\u00e1ctica se utiliza para confeccionar heno, sobre todo de pasturas conocidas o naturales, que ser\u00e1 \u0301 utilizado dentro del mismo establecimiento, as\u00ed como cierta cantidad de nuestra producci\u00f3n ser\u00e1 destinada a la venta de nuestros fardos.<\/p>\t\t\t\t\t\t<\/div>\n\t\t\t\t<\/div>\n\t\t\t\t<div class=\"elementor-element elementor-element-cf42d61 elementor-widget elementor-widget-button\" data-id=\"cf42d61\" data-element_type=\"widget\" data-widget_type=\"button.default\">\n\t\t\t\t<div class=\"elementor-widget-container\">\n\t\t\t\t\t<div class=\"elementor-button-wrapper\">\n\t\t\t<a href=\"https:\/\/centroagricolacayambe.com\/index.php\/formulario-1\" class=\"elementor-button-link elementor-button elementor-size-sm\" role=\"button\">\n\t\t\t\t\t\t<span class=\"elementor-button-content-wrapper\">\n\t\t\t\t\t\t<span class=\"elementor-button-text\">Cotiza con Nosotros<\/span>\n\t\t<\/span>\n\t\t\t\t\t<\/a>\n\t\t<\/div>\n\t\t\t\t<\/div>\n\t\t\t\t<\/div>\n\t\t\t\t\t<\/div>\n\t\t<\/div>\n\t\t\t\t\t\t\t<\/div>\n\t\t<\/section>\n\t\t\t\t<section class=\"elementor-section elementor-top-section elementor-element elementor-element-96db9fc elementor-section-boxed elementor-section-height-default elementor-section-height-default\" data-id=\"96db9fc\" data-element_type=\"section\">\n\t\t\t\t\t\t<div class=\"elementor-container elementor-column-gap-default\">\n\t\t\t\t\t<div class=\"elementor-column elementor-col-33 elementor-top-column elementor-element elementor-element-10c5961\" data-id=\"10c5961\" data-element_type=\"column\">\n\t\t\t<div class=\"elementor-widget-wrap elementor-element-populated\">\n\t\t\t\t\t\t\t\t<div class=\"elementor-element elementor-element-fa7bb6e elementor-widget elementor-widget-image\" data-id=\"fa7bb6e\" data-element_type=\"widget\" data-widget_type=\"image.default\">\n\t\t\t\t<div class=\"elementor-widget-container\">\n\t\t\t\t\t\t\t\t\t\t\t\t\t\t\t<img decoding=\"async\" width=\"750\" height=\"1000\" src=\"https:\/\/centroagricolacayambe.com\/wp-content\/uploads\/2023\/02\/IMG_9320-768x1024.jpg\" class=\"attachment-large size-large wp-image-1427\" alt=\"\" loading=\"lazy\" srcset=\"https:\/\/centroagricolacayambe.com\/wp-content\/uploads\/2023\/02\/IMG_9320-768x1024.jpg 768w, https:\/\/centroagricolacayambe.com\/wp-content\/uploads\/2023\/02\/IMG_9320-225x300.jpg 225w, https:\/\/centroagricolacayambe.com\/wp-content\/uploads\/2023\/02\/IMG_9320-1152x1536.jpg 1152w, https:\/\/centroagricolacayambe.com\/wp-content\/uploads\/2023\/02\/IMG_9320-1536x2048.jpg 1536w, https:\/\/centroagricolacayambe.com\/wp-content\/uploads\/2023\/02\/IMG_9320-1568x2091.jpg 1568w, https:\/\/centroagricolacayambe.com\/wp-content\/uploads\/2023\/02\/IMG_9320-scaled.jpg 1920w\" sizes=\"(max-width: 750px) 100vw, 750px\" style=\"width:100%;height:133.33%;max-width:1920px\" \/>\t\t\t\t\t\t\t\t\t\t\t\t\t\t\t<\/div>\n\t\t\t\t<\/div>\n\t\t\t\t\t<\/div>\n\t\t<\/div>\n\t\t\t\t<div class=\"elementor-column elementor-col-33 elementor-top-column elementor-element elementor-element-3a4cfef\" data-id=\"3a4cfef\" data-element_type=\"column\">\n\t\t\t<div class=\"elementor-widget-wrap elementor-element-populated\">\n\t\t\t\t\t\t\t\t<div class=\"elementor-element elementor-element-f75c8d4 elementor-widget elementor-widget-image\" data-id=\"f75c8d4\" data-element_type=\"widget\" data-widget_type=\"image.default\">\n\t\t\t\t<div class=\"elementor-widget-container\">\n\t\t\t\t\t\t\t\t\t\t\t\t\t\t\t<img decoding=\"async\" width=\"750\" height=\"497\" src=\"https:\/\/centroagricolacayambe.com\/wp-content\/uploads\/2023\/01\/Recurso-37-20-1024x678.jpg\" class=\"attachment-large size-large wp-image-460\" alt=\"\" loading=\"lazy\" srcset=\"https:\/\/centroagricolacayambe.com\/wp-content\/uploads\/2023\/01\/Recurso-37-20-1024x678.jpg 1024w, https:\/\/centroagricolacayambe.com\/wp-content\/uploads\/2023\/01\/Recurso-37-20-300x199.jpg 300w, https:\/\/centroagricolacayambe.com\/wp-content\/uploads\/2023\/01\/Recurso-37-20-768x509.jpg 768w, https:\/\/centroagricolacayambe.com\/wp-content\/uploads\/2023\/01\/Recurso-37-20-1536x1018.jpg 1536w, https:\/\/centroagricolacayambe.com\/wp-content\/uploads\/2023\/01\/Recurso-37-20-1568x1039.jpg 1568w, https:\/\/centroagricolacayambe.com\/wp-content\/uploads\/2023\/01\/Recurso-37-20.jpg 1935w\" sizes=\"(max-width: 750px) 100vw, 750px\" style=\"width:100%;height:66.25%;max-width:1935px\" \/>\t\t\t\t\t\t\t\t\t\t\t\t\t\t\t<\/div>\n\t\t\t\t<\/div>\n\t\t\t\t\t<\/div>\n\t\t<\/div>\n\t\t\t\t<div class=\"elementor-column elementor-col-33 elementor-top-column elementor-element elementor-element-0b73573\" data-id=\"0b73573\" data-element_type=\"column\">\n\t\t\t<div class=\"elementor-widget-wrap elementor-element-populated\">\n\t\t\t\t\t\t\t\t<div class=\"elementor-element elementor-element-52729cb elementor-widget elementor-widget-image\" data-id=\"52729cb\" data-element_type=\"widget\" data-widget_type=\"image.default\">\n\t\t\t\t<div class=\"elementor-widget-container\">\n\t\t\t\t\t\t\t\t\t\t\t\t\t\t\t<img decoding=\"async\" width=\"750\" height=\"1000\" src=\"https:\/\/centroagricolacayambe.com\/wp-content\/uploads\/2023\/02\/IMG_9344-768x1024.jpg\" class=\"attachment-large size-large wp-image-1428\" alt=\"\" loading=\"lazy\" srcset=\"https:\/\/centroagricolacayambe.com\/wp-content\/uploads\/2023\/02\/IMG_9344-768x1024.jpg 768w, https:\/\/centroagricolacayambe.com\/wp-content\/uploads\/2023\/02\/IMG_9344-225x300.jpg 225w, https:\/\/centroagricolacayambe.com\/wp-content\/uploads\/2023\/02\/IMG_9344-1152x1536.jpg 1152w, https:\/\/centroagricolacayambe.com\/wp-content\/uploads\/2023\/02\/IMG_9344-1536x2048.jpg 1536w, https:\/\/centroagricolacayambe.com\/wp-content\/uploads\/2023\/02\/IMG_9344-1568x2091.jpg 1568w, https:\/\/centroagricolacayambe.com\/wp-content\/uploads\/2023\/02\/IMG_9344-scaled.jpg 1920w\" sizes=\"(max-width: 750px) 100vw, 750px\" style=\"width:100%;height:133.33%;max-width:1920px\" \/>\t\t\t\t\t\t\t\t\t\t\t\t\t\t\t<\/div>\n\t\t\t\t<\/div>\n\t\t\t\t\t<\/div>\n\t\t<\/div>\n\t\t\t\t\t\t\t<\/div>\n\t\t<\/section>\n\t\t\t\t\t\t\t<\/div>\n\t\t","protected":false},"excerpt":{"rendered":"<p>Charlas \/ Tecnificaci\u00f3n Campa\u00f1a Vacunaci\u00f3n AFTOSA 2022 Nuestro aporte a la Sociedad Producci\u00f3n fardos Alquiler de maquinaria Producci\u00f3n y comercializaci\u00f3n de fardos Debido a la estacionalidad de la producci\u00f3n forrajera de la zona, es necesario recurrir al uso de reservas forrajeras. Dentro de las especies utilizadas se encuentra la alfalfa, uno de los cultivos forrajeros&hellip; <a class=\"more-link\" href=\"https:\/\/centroagricolacayambe.com\/index.php\/servicios\/\">Continue reading <span class=\"screen-reader-text\">Fardos CACC<\/span><\/a><\/p>\n","protected":false},"author":1,"featured_media":0,"parent":0,"menu_order":0,"comment_status":"closed","ping_status":"closed","template":"elementor_header_footer","meta":[],"_links":{"self":[{"href":"https:\/\/centroagricolacayambe.com\/index.php\/wp-json\/wp\/v2\/pages\/477"}],"collection":[{"href":"https:\/\/centroagricolacayambe.com\/index.php\/wp-json\/wp\/v2\/pages"}],"about":[{"href":"https:\/\/centroagricolacayambe.com\/index.php\/wp-json\/wp\/v2\/types\/page"}],"author":[{"embeddable":true,"href":"https:\/\/centroagricolacayambe.com\/index.php\/wp-json\/wp\/v2\/users\/1"}],"replies":[{"embeddable":true,"href":"https:\/\/centroagricolacayambe.com\/index.php\/wp-json\/wp\/v2\/comments?post=477"}],"version-history":[{"count":185,"href":"https:\/\/centroagricolacayambe.com\/index.php\/wp-json\/wp\/v2\/pages\/477\/revisions"}],"predecessor-version":[{"id":1454,"href":"https:\/\/centroagricolacayambe.com\/index.php\/wp-json\/wp\/v2\/pages\/477\/revisions\/1454"}],"wp:attachment":[{"href":"https:\/\/centroagricolacayambe.com\/index.php\/wp-json\/wp\/v2\/media?parent=477"}],"curies":[{"name":"wp","href":"https:\/\/api.w.org\/{rel}","templated":true}]}}